{"id":122,"date":"2020-05-12T20:00:11","date_gmt":"2020-05-12T18:00:11","guid":{"rendered":"http:\/\/reglisss.freeboxos.fr\/wordpress\/?page_id=122"},"modified":"2020-05-12T21:37:50","modified_gmt":"2020-05-12T19:37:50","slug":"securiser-son-site-avec-un-certificat-ssl-tls","status":"publish","type":"page","link":"https:\/\/reglisss.freeboxos.fr\/wordpress\/securiser-son-site-avec-un-certificat-ssl-tls\/","title":{"rendered":"SECURISER SON SITE AVEC UN CERTIFICAT SSL\/TLS"},"content":{"rendered":"\n<h4 class=\"wp-block-heading\"><strong>Pr\u00e9requis.<\/strong><\/h4>\n\n\n\n<p>Pour r\u00e9aliser ce tutoriel vous devrez disposer :<\/p>\n\n\n\n<ul class=\"wp-block-list\"><li>D\u2019un nom de domaine. Pour en avoir un gratuit vous pouvez consulter ce tutoriel :\u00a0<a rel=\"noreferrer noopener\" href=\"https:\/\/quick-tutoriel.com\/comment-avoir-un-nom-de-domaine-gratuit-avec-freenom-com\/\" target=\"_blank\"><strong>Comment avoir un nom de domaine gratuit avec Freenom.com<\/strong><\/a>.<\/li><li>D\u2019une instance de Nextcloud accessible depuis le web. Vous pouvez suivre ce tutoriel, si vous d\u00e9buter :\u00a0<a rel=\"noreferrer noopener\" href=\"https:\/\/quick-tutoriel.com\/creer-votre-espace-cloud-personnel-avec-nextcloud\/\" target=\"_blank\"><strong>Cr\u00e9er votre espace cloud personnel avec Nextcloud.<\/strong><\/a><\/li><\/ul>\n\n\n\n<h4 class=\"wp-block-heading\"><strong>Configuration de SSL avec Let\u2019s Encrypt.<\/strong><\/h4>\n\n\n\n<p>La meilleure option pour s\u00e9curiser l\u2019interface web de Nextcloud c\u2019est d\u2019obtenir un certificat SSL via&nbsp;<strong><a href=\"https:\/\/letsencrypt.org\/fr\/\" target=\"_blank\" rel=\"noreferrer noopener\"><em>Let\u2019s Encrypt<\/em><\/a><\/strong>.<\/p>\n\n\n\n<p>HTTPS nous aide \u00e0 pr\u00e9venir les attaques de type \u00ab&nbsp;man in the middle&nbsp;\u00bb et le sniffing de mot de passe.<\/p>\n\n\n\n<p>Commen\u00e7ons par installer le client&nbsp;<em>Certbot&nbsp;<\/em>(Certbot est un nouvel outil de l\u2019EFF permettant de g\u00e9rer les certificats SSL sur les serveurs. Il est aujourd\u2019hui d\u00e9di\u00e9 aux certificats gratuits de Let\u2019s Encrypt). Le client s\u2019appelle toujours letsnecrypt dans le r\u00e9f\u00e9rentiel Ubuntu. La commande suivante installera le client et le plugin apache.<\/p>\n\n\n\n<p>sudo apt install letsencrypt python3-certbot-apache<\/p>\n\n\n\n<figure class=\"wp-block-image size-large\"><img loading=\"lazy\" decoding=\"async\" width=\"958\" height=\"446\" src=\"https:\/\/reglisss.freeboxos.fr\/wordpress\/wp-content\/uploads\/2020\/05\/image.png\" alt=\"\" class=\"wp-image-123\" srcset=\"https:\/\/reglisss.freeboxos.fr\/wordpress\/wp-content\/uploads\/2020\/05\/image.png 958w, https:\/\/reglisss.freeboxos.fr\/wordpress\/wp-content\/uploads\/2020\/05\/image-300x140.png 300w, https:\/\/reglisss.freeboxos.fr\/wordpress\/wp-content\/uploads\/2020\/05\/image-768x358.png 768w\" sizes=\"auto, (max-width: 958px) 100vw, 958px\" \/><\/figure>\n\n\n\n<p>Ex\u00e9cutez maintenant la commande suivante pour obtenir un certificat TLS \/ SSL gratuit.<\/p>\n\n\n\n<pre class=\"wp-block-preformatted\"># sudo letsencrypt --apache --agree-tos --email your-email-address -d nextcloud.your-domain.com<\/pre>\n\n\n\n<figure class=\"wp-block-image size-large\"><img loading=\"lazy\" decoding=\"async\" width=\"957\" height=\"480\" src=\"https:\/\/reglisss.freeboxos.fr\/wordpress\/wp-content\/uploads\/2020\/05\/image-1.png\" alt=\"\" class=\"wp-image-124\" srcset=\"https:\/\/reglisss.freeboxos.fr\/wordpress\/wp-content\/uploads\/2020\/05\/image-1.png 957w, https:\/\/reglisss.freeboxos.fr\/wordpress\/wp-content\/uploads\/2020\/05\/image-1-300x150.png 300w, https:\/\/reglisss.freeboxos.fr\/wordpress\/wp-content\/uploads\/2020\/05\/image-1-768x385.png 768w\" sizes=\"auto, (max-width: 957px) 100vw, 957px\" \/><\/figure>\n\n\n\n<p>Et voila !!!! <\/p>\n\n\n\n<p>c&rsquo;est trop simple en fait et pas cher \ud83d\ude42<\/p>\n\n\n\n<p><em>Localisation des logs.<\/em><\/p>\n\n\n\n<p>A chaque utilisation de commandes, des logs sont g\u00e9n\u00e9r\u00e9s dans le fichier :&nbsp;<em>\/var\/log\/letsencrypt\/letsencrypt.log<\/em><\/p>\n\n\n\n<p>Vous pouvez largement le consult\u00e9, lorsque vous avez des messages d\u2019erreurs ou des soucis lors de l\u2019installation d\u2019un certificat.<\/p>\n\n\n\n<p><em>Renouvellement d\u2019un certificat.<\/em><\/p>\n\n\n\n<p>Les certificats d\u00e9livr\u00e9s par Let\u2019s Encrypt&nbsp;sont valides pendant 90 jours. L\u2019utilitaire Certbot fournit une&nbsp;<em>option renew<\/em>&nbsp;qui permet de renouveler vos certificats pr\u00e9sents sur votre serveur ET si seulement ceux-ci expirent dans moins de 30 jours.<\/p>\n\n\n\n<pre class=\"wp-block-preformatted\">#certbot renew<\/pre>\n\n\n\n<p>Je vous conseille de cr\u00e9er une t\u00e2che cron qui permet de renouveler automatiquement si besoin votre certificat.<\/p>\n\n\n\n<p>Une entr\u00e9e dans cron se param\u00e8tre avec les champs suivants dans l\u2019ordre :<\/p>\n\n\n\n<ul class=\"wp-block-list\"><li>minute,<\/li><li>heure,<\/li><li>jours dans le mois,<\/li><li>mois,<\/li><li>jour de la semaine,<\/li><li>la commande \u00e0 lancer.<\/li><\/ul>\n\n\n\n<p>T\u00e2che CRON \u00e0 ins\u00e9rer (La t\u00e2che ci-dessous permet de v\u00e9rifier la validit\u00e9 du certificat tous les lundi \u00e0 23h00, ensuite le r\u00e9sultat de la commande sera mis dans un fichier de log)<\/p>\n\n\n\n<pre class=\"wp-block-preformatted\"># crontab -e\n# 00 23 * * 1 \/usr\/bin\/certbot renew &gt;&gt; \/var\/log\/certbot-renew.log<\/pre>\n\n\n\n<div class=\"wp-block-image\"><figure class=\"aligncenter\"><img decoding=\"async\" src=\"https:\/\/quick-tutoriel.com\/wp-content\/uploads\/2020\/03\/securiser_interface_https_5d.jpg\" alt=\"Cr\u00e9ation d'une t\u00e2che CRON pour renouveler le certificat Let's Encrypt automatiquement\" class=\"wp-image-112059\"\/><\/figure><\/div>\n\n\n\n<p><em>R\u00e9vocation d\u2019un certificat.<\/em><\/p>\n\n\n\n<p>Pour r\u00e9voquer un certificat, il est n\u00e9cessaire d\u2019ex\u00e9cuter la commande suivante en rempla\u00e7ant&nbsp;<em>mondomaine.com<\/em>&nbsp;par votre domaine&nbsp;<em>\/etc\/letsencrypt\/live\/mondomaine.com\/cert.pem<\/em>&nbsp;:<\/p>\n\n\n\n<pre class=\"wp-block-preformatted\"># certbot revoke --cert-path \/etc\/letsencrypt\/live\/mondomaine.com\/cert.pem<\/pre>\n\n\n\n<div class=\"wp-block-image\"><figure class=\"aligncenter\"><a href=\"https:\/\/quick-tutoriel.com\/wp-content\/uploads\/2020\/03\/revoke_certificat_letsencrypt.jpg\"><img decoding=\"async\" src=\"https:\/\/quick-tutoriel.com\/wp-content\/uploads\/2020\/03\/revoke_certificat_letsencrypt.jpg\" alt=\"Supprimer un certificat de son serveur gr\u00e2ce \u00e0 la commande certbot revoke\" class=\"wp-image-123975\"\/><\/a><\/figure><\/div>\n\n\n\n<h4 class=\"wp-block-heading\"><strong>Param\u00e9trer Nextcloud pour votre nouveau nom de domaine.<\/strong><\/h4>\n\n\n\n<p>Si vous avez essay\u00e9 de vous connecter \u00e0 votre instance Nextcloud, vous devriez avoir ce message :<\/p>\n\n\n\n<div class=\"wp-block-image\"><figure class=\"aligncenter\"><a href=\"https:\/\/quick-tutoriel.com\/wp-content\/uploads\/2020\/03\/securiser_interface_https_6.jpg\"><img decoding=\"async\" src=\"https:\/\/quick-tutoriel.com\/wp-content\/uploads\/2020\/03\/securiser_interface_https_6.jpg\" alt=\"Param\u00e9trer Nextcloud pour votre nouveau nom de domaine en HTTPS\" class=\"wp-image-112069\"\/><\/a><\/figure><\/div>\n\n\n\n<p>C\u2019est une protection de Nextcloud. Il faut donc ajouter votre nouveau nom de domaine dans le fichier&nbsp;<em>config.php<\/em>. Le chemin complet est (pour une installation par d\u00e9faut)&nbsp;<em>\/var\/www\/html\/nextcloud\/config\/config.php<\/em><\/p>\n\n\n\n<div class=\"wp-block-image\"><figure class=\"aligncenter\"><a href=\"https:\/\/quick-tutoriel.com\/wp-content\/uploads\/2020\/03\/securiser_interface_https_7.jpg\"><img decoding=\"async\" src=\"https:\/\/quick-tutoriel.com\/wp-content\/uploads\/2020\/03\/securiser_interface_https_7.jpg\" alt=\"Ajouter un nouveau nom de domaine autoris\u00e9 pour acc\u00e9der \u00e0 Nextcloud\" class=\"wp-image-112068\"\/><\/a><\/figure><\/div>\n\n\n\n<p>La variable&nbsp;<em>trusted_domains<\/em>&nbsp;est un tableau qu\u2019il faudra modifier en ajoutant les noms de domaine que vous souhaitez rendre accessible pour votre instance Nextcloud.<\/p>\n\n\n\n<h4 class=\"wp-block-heading\"><strong>S\u00e9curiser son installation Nextcloud en activant les headers HSTS.<\/strong><\/h4>\n\n\n\n<p>Par d\u00e9faut, la configuration SSL Apache n\u2019ajoute pas d\u2019en-t\u00eate de s\u00e9curit\u00e9 HSTS. Pour ajouter une en-t\u00eate HSTS, \u00e9ditez le fichier de configuration SSL.<\/p>\n\n\n\n<pre class=\"wp-block-preformatted\"># vim \/etc\/apache2\/sites-available\/nextcloud-le-ssl.conf<\/pre>\n\n\n\n<p>Puis rajouter ce code apr\u00e8s la ligne&nbsp;<em>SSLCertificateKeyFile<\/em>&nbsp;:<\/p>\n\n\n\n<pre class=\"wp-block-preformatted\">&lt;IfModule mod_headers.c&gt;\nHeader always set Strict-Transport-Security \"max-age=15768000; preload\"\n&lt;\/IfModule&gt;\n<a href=\"https:\/\/quick-tutoriel.com\/wp-content\/uploads\/2020\/03\/securiser_interface_https_8.jpg\"><\/a><\/pre>\n\n\n\n<p>Puis ensuite activer le module header et red\u00e9marrer le service Apache.<\/p>\n\n\n\n<pre class=\"wp-block-preformatted\"># a2enmod headers\n# service apache2 restart<\/pre>\n\n\n\n<h3 class=\"wp-block-heading\">Rappel sur le HSTS :<\/h3>\n\n\n\n<p><em>HTTP Strict Transport Security (HSTS)<\/em>&nbsp;est un m\u00e9canisme de politique de s\u00e9curit\u00e9 propos\u00e9 pour HTTP, permettant \u00e0 un serveur web de d\u00e9clarer \u00e0 un agent utilisateur (comme un navigateur web), compatible, qu\u2019il doit interagir avec lui en utilisant une connexion s\u00e9curis\u00e9e (comme HTTPS). La politique est donc communiqu\u00e9e \u00e0 l\u2019agent utilisateur par le serveur via la r\u00e9ponse HTTP, dans le champ d\u2019en-t\u00eate nomm\u00e9&nbsp;<em>\u00ab Strict-Transport-Security \u00bb<\/em>. La politique sp\u00e9cifie une p\u00e9riode de temps durant laquelle l\u2019agent utilisateur doit acc\u00e9der au serveur uniquement de fa\u00e7on s\u00e9curis\u00e9e.<\/p>\n\n\n\n<p>Lorsque la politique HSTS est active pour un site web, l\u2019agent utilisateur compatible op\u00e8re comme suit :<\/p>\n\n\n\n<p>Remplace automatiquement tous les liens non s\u00e9curis\u00e9s par des liens s\u00e9curis\u00e9s. Par exemple, http:\/\/www.exemple.com\/une\/page\/ est automatiquement remplac\u00e9 par https:\/\/www.exemple.com\/une\/page\/ avant d\u2019acc\u00e9der au serveur.<\/p>\n\n\n\n<p>Si la s\u00e9curit\u00e9 de la connexion ne peut \u00eatre assur\u00e9e (par exemple, le certificat TLS est auto-sign\u00e9), celui-ci affiche un message d\u2019erreur et interdit \u00e0 l\u2019utilisateur l\u2019acc\u00e8s au site \u00e0 cause de cette erreur.<\/p>\n\n\n\n<p>La politique HSTS aide \u00e0 prot\u00e9ger les utilisateurs de sites web contre quelques attaques r\u00e9seau passives (\u00e9coute clandestine) et actives. Une attaque du type man-in-the-middle ne peut pas intercepter de requ\u00eate tant que le HSTS est actif pour ce site.<\/p>\n\n\n\n<p><em>Source : https:\/\/fr.wikipedia.org<\/em><\/p>\n\n\n\n<h4 class=\"wp-block-heading\"><strong>Mettre \u00e0 niveau HTTP\/1.1 vers HTTP\/2<\/strong><\/h4>\n\n\n\n<p><em>HTTP \/ 2<\/em>&nbsp;est devenu le nouveau standard HTTP depuis 2015 et offre plusieurs am\u00e9liorations par rapport \u00e0 HTTP\/1.1. L\u2019un des avantages de HTTP\/ 2 est qu\u2019il utilise une communication binaire au lieu d\u2019une communication textuelle entre le serveur et le navigateur, ce qui rend le transfert de donn\u00e9es plus compact \u00e0 transmettre. Il vous permet \u00e9galement de r\u00e9pondre \u00e0 plusieurs demandes via une seule connexion TCP gr\u00e2ce au multiplexage.<\/p>\n\n\n\n<p>Si vous voulez en savoir plus sur les avantages de HTTP \/ 2 cliquer sur ce lien :&nbsp;<strong>HTTP\/2 Frequently Asked Questions.<\/strong><\/p>\n\n\n\n<p>Activer HTTP\/2 dans notre configuration Nextcloud est simple. Commencez par ouvrir votre fichier d\u2019h\u00f4te virtuel SSL avec votre \u00e9diteur pr\u00e9f\u00e9r\u00e9 :<\/p>\n\n\n\n<pre class=\"wp-block-preformatted\">#vim \/etc\/apache2\/sites-available\/nextcloud-le-ssl.conf<\/pre>\n\n\n\n<p>Ins\u00e9rez maintenant la ligne&nbsp;<em>Protocols h2 http\/1.1<\/em>&nbsp;sur une nouvelle ligne situ\u00e9e sous&nbsp;<em>DocumentRoot \/var\/www\/html\/nextcloud\/<\/em>.<\/p>\n\n\n\n<div class=\"wp-block-image\"><figure class=\"aligncenter\"><a href=\"https:\/\/quick-tutoriel.com\/wp-content\/uploads\/2020\/03\/securiser_interface_https_9.jpg\"><img decoding=\"async\" src=\"https:\/\/quick-tutoriel.com\/wp-content\/uploads\/2020\/03\/securiser_interface_https_9.jpg\" alt=\"Mettre \u00e0 niveau HTTP\/1.1 vers HTTP\/2 pour votre instance Nextcloud\" class=\"wp-image-112066\"\/><\/a><\/figure><\/div>\n\n\n\n<p>Apr\u00e8s avoir enregistrer le fichier, il va falloir effectuer quelques \u00e9tapes pour activer correctement http\/2 :<\/p>\n\n\n\n<p>Faire utiliser FastCGI au serveur Apache :<\/p>\n\n\n\n<pre class=\"wp-block-preformatted\">#apt install php7.0-fpm\n#a2enmod proxy_fcgi setenvif\n#a2enconf php7.0-fpm\n#a2dismod php7.0\n#service apache2 restart<\/pre>\n\n\n\n<p>Utiliser&nbsp;<em>MPM Event au lieu de Prefork<\/em>&nbsp;(Les Modules Multi-Processus (Multi-Processing Modules) sont des modules utilis\u00e9s par le serveur web Apache HTTP Server qui d\u00e9finissent la mani\u00e8re d\u2019accepter les requ\u00eates des clients ainsi que la fa\u00e7on de se les r\u00e9partir entre les diff\u00e9rents processus Apache.)<\/p>\n\n\n\n<pre class=\"wp-block-preformatted\">#a2dismod mpm_prefork\n#a2enmod mpm_event\n#service apache2 restart\n#service php7.0-fpm restart<\/pre>\n\n\n\n<p>Pour connaitre sa version d\u2019Apache, il faut utiliser la commande ci-dessous :<\/p>\n\n\n\n<pre class=\"wp-block-preformatted\">#apachectl -V<\/pre>\n\n\n\n<div class=\"wp-block-image\"><figure class=\"aligncenter\"><a href=\"https:\/\/quick-tutoriel.com\/wp-content\/uploads\/2020\/03\/securiser_interface_https_10.jpg\"><img decoding=\"async\" src=\"https:\/\/quick-tutoriel.com\/wp-content\/uploads\/2020\/03\/securiser_interface_https_10.jpg\" alt=\"Connaitre la version du serveur Apache sur son serveur Linux\" class=\"wp-image-112065\"\/><\/a><\/figure><\/div>\n\n\n\n<p>Si vous avez le message d\u2019erreur :&nbsp;<em>error module http2 does not exist<\/em>, il va falloir mettre \u00e0 jour votre Apache. Voici un exemple de commandes \u00e0 essayer sur votre distribution Ubuntu.<\/p>\n\n\n\n<pre class=\"wp-block-preformatted\">#add-apt-repository -y ppa:ondrej\/apache2\n#apt-key update\n#apt-get update\n#apt-get --only-upgrade install apache2 -y<\/pre>\n\n\n\n<p>Activer le module&nbsp;<em>Apache mod_http2<\/em>&nbsp;:<\/p>\n\n\n\n<pre class=\"wp-block-preformatted\">#a2enmod http2\n#service apache2 restart<\/pre>\n\n\n\n<div class=\"wp-block-image\"><figure class=\"aligncenter\"><a href=\"https:\/\/quick-tutoriel.com\/wp-content\/uploads\/2020\/03\/securiser_interface_https_11.jpg\"><img decoding=\"async\" src=\"https:\/\/quick-tutoriel.com\/wp-content\/uploads\/2020\/03\/securiser_interface_https_11.jpg\" alt=\"Activer le module Apache mod_http2\" class=\"wp-image-112064\"\/><\/a><\/figure><\/div>\n\n\n\n<p>Maintenant pour savoir si votre instance Nextcloud supporte http\/2, vous pouvez utiliser ce site :&nbsp;<a href=\"https:\/\/tools.keycdn.com\/http2-test\" target=\"_blank\" rel=\"noreferrer noopener\"><strong>HTTP\/2 Test<\/strong><\/a>.<\/p>\n\n\n\n<div class=\"wp-block-image\"><figure class=\"aligncenter\"><a href=\"https:\/\/quick-tutoriel.com\/wp-content\/uploads\/2020\/03\/securiser_interface_https_12.jpg\"><img decoding=\"async\" src=\"https:\/\/quick-tutoriel.com\/wp-content\/uploads\/2020\/03\/securiser_interface_https_12.jpg\" alt=\"Test du HTTP\/2 sur votre instance Nextcloud\" class=\"wp-image-112063\"\/><\/a><\/figure><\/div>\n\n\n\n<p><em>Rappel !!!<\/em>&nbsp;Les options \u00e0 rajouter son :<\/p>\n\n\n\n<pre class=\"wp-block-preformatted\">opcache.enable=1\nopcache.enable_cli=1\nopcache.interned_strings_buffer=8\nopcache.max_accelerated_files=10000\nopcache.memory_consumption=128\nopcache.save_comments=1\nopcache.revalidate_freq=1<\/pre>\n\n\n\n<p>Le service php-fpm doit \u00eatre red\u00e9marr\u00e9.<\/p>\n\n\n\n<pre class=\"wp-block-preformatted\"># service php7.0-fpm restart<\/pre>\n\n\n\n<h4 class=\"wp-block-heading\"><strong>T\u00e2che CRON.<\/strong><\/h4>\n\n\n\n<p>Si votre instance NextCloud est utilis\u00e9 dans un grand environnement, il est conseill\u00e9 de modifier la gestion des t\u00e2ches en arri\u00e8re-plan en passant de&nbsp;<em>AJAX \u00e0 CRON<\/em>.<\/p>\n\n\n\n<p>Pour changer ce param\u00e8tre, il faut aller dans&nbsp;<em>Administration -&gt; Param\u00e8tre de base -&gt; T\u00e2che de fond<\/em>.<\/p>\n\n\n\n<div class=\"wp-block-image\"><figure class=\"aligncenter\"><a href=\"https:\/\/quick-tutoriel.com\/wp-content\/uploads\/2020\/03\/securiser_interface_https_13.jpg\"><img decoding=\"async\" src=\"https:\/\/quick-tutoriel.com\/wp-content\/uploads\/2020\/03\/securiser_interface_https_13.jpg\" alt=\"Modifier la gestion des t\u00e2ches de fond sur Nextcloud.\" class=\"wp-image-112058\"\/><\/a><\/figure><\/div>\n\n\n\n<p><em><strong>That\u2019s All.<\/strong><\/em><\/p>\n","protected":false},"excerpt":{"rendered":"<p>Pr\u00e9requis. Pour r\u00e9aliser ce tutoriel vous devrez disposer : D\u2019un nom de domaine. Pour en avoir un gratuit vous pouvez consulter ce tutoriel :\u00a0Comment avoir un nom de domaine gratuit avec Freenom.com. D\u2019une instance de Nextcloud accessible depuis le web. Vous pouvez suivre ce tutoriel, si vous d\u00e9buter :\u00a0Cr\u00e9er votre espace cloud personnel avec Nextcloud. [&hellip;]<\/p>\n","protected":false},"author":1,"featured_media":0,"parent":0,"menu_order":0,"comment_status":"closed","ping_status":"closed","template":"","meta":{"footnotes":""},"class_list":["post-122","page","type-page","status-publish","hentry"],"_links":{"self":[{"href":"https:\/\/reglisss.freeboxos.fr\/wordpress\/wp-json\/wp\/v2\/pages\/122","targetHints":{"allow":["GET"]}}],"collection":[{"href":"https:\/\/reglisss.freeboxos.fr\/wordpress\/wp-json\/wp\/v2\/pages"}],"about":[{"href":"https:\/\/reglisss.freeboxos.fr\/wordpress\/wp-json\/wp\/v2\/types\/page"}],"author":[{"embeddable":true,"href":"https:\/\/reglisss.freeboxos.fr\/wordpress\/wp-json\/wp\/v2\/users\/1"}],"replies":[{"embeddable":true,"href":"https:\/\/reglisss.freeboxos.fr\/wordpress\/wp-json\/wp\/v2\/comments?post=122"}],"version-history":[{"count":3,"href":"https:\/\/reglisss.freeboxos.fr\/wordpress\/wp-json\/wp\/v2\/pages\/122\/revisions"}],"predecessor-version":[{"id":129,"href":"https:\/\/reglisss.freeboxos.fr\/wordpress\/wp-json\/wp\/v2\/pages\/122\/revisions\/129"}],"wp:attachment":[{"href":"https:\/\/reglisss.freeboxos.fr\/wordpress\/wp-json\/wp\/v2\/media?parent=122"}],"curies":[{"name":"wp","href":"https:\/\/api.w.org\/{rel}","templated":true}]}}