{"id":177,"date":"2020-06-03T16:52:58","date_gmt":"2020-06-03T14:52:58","guid":{"rendered":"https:\/\/reglisss.freeboxos.fr\/wordpress\/?page_id=177"},"modified":"2020-06-03T16:52:58","modified_gmt":"2020-06-03T14:52:58","slug":"faire-un-site-statique-en-2s","status":"publish","type":"page","link":"https:\/\/reglisss.freeboxos.fr\/wordpress\/faire-un-site-statique-en-2s\/","title":{"rendered":"FAIRE UN SITE STATIQUE EN 2S"},"content":{"rendered":"\n<p>Nous allons utiliser\u00a0<a href=\"http:\/\/fast.io\/\"><strong>Fast.io<\/strong><\/a>. Ce service vous permet de lier un espace cloud perso Box, Dropbox, Github, Google Drive, OneDrive ou encore MediaFire \u00e0 une URL. Cela permet de rendre disponible sur le net un fichier h\u00e9berg\u00e9 sur l\u2019un de ces services, et de profiter de leur CDN (Content Distribution Network), mais \u00e9galement de statistiques.<\/p>\n\n\n\n<figure class=\"wp-block-image\"><img decoding=\"async\" src=\"https:\/\/korben.info\/app\/uploads\/2020\/05\/korben20200417144706-67-1-1024x546.png\" alt=\"\" class=\"wp-image-115125\"\/><\/figure>\n\n\n\n<p>Et bien s\u00fbr, vous pouvez y mettre des pages HTML pour avoir votre petit site statique. Je vous propose donc de vous cr\u00e9er un compte gratuit sur Fast.io. Vous pourrez cr\u00e9er jusqu\u2019\u00e0 5 sites sur votre compte (dont 1 seul rattach\u00e9 \u00e0 un vrai nom de domaine).<\/p>\n\n\n\n<figure class=\"wp-block-image\"><img decoding=\"async\" src=\"https:\/\/korben.info\/app\/uploads\/2020\/05\/korben20200417144706-69-1024x518.png\" alt=\"\" class=\"wp-image-115129\"\/><\/figure>\n\n\n\n<p>Vous choisissez le service sur lequel vos pages seront stock\u00e9es\u2026<\/p>\n\n\n\n<figure class=\"wp-block-image\"><img decoding=\"async\" src=\"https:\/\/korben.info\/app\/uploads\/2020\/05\/korben20200417144706-70-1-1024x933.png\" alt=\"\" class=\"wp-image-115131\"\/><\/figure>\n\n\n\n<p>Cela aura pour effet de cr\u00e9er un dossier Fast.io sur votre Dropbox par exemple, et un sous-dossier du nom de votre site. Placez-y votre page HTML\u2026<\/p>\n\n\n\n<figure class=\"wp-block-image\"><img decoding=\"async\" src=\"https:\/\/korben.info\/app\/uploads\/2020\/05\/korben20200417144706-75-1-1024x725.png\" alt=\"\" class=\"wp-image-115133\"\/><\/figure>\n\n\n\n<figure class=\"wp-block-image\"><img decoding=\"async\" src=\"https:\/\/korben.info\/app\/uploads\/2020\/05\/korben20200417144706-80-1-1024x386.png\" alt=\"\" class=\"wp-image-115136\"\/><\/figure>\n\n\n\n<p>Fast.io synchronisera alors l\u2019ensemble et voil\u00e0 !<\/p>\n\n\n\n<figure class=\"wp-block-image\"><img decoding=\"async\" src=\"https:\/\/korben.info\/app\/uploads\/2020\/05\/korben20200417144706-72-1024x296.png\" alt=\"\" class=\"wp-image-115134\"\/><\/figure>\n\n\n\n<p>Votre page statique sera alors accessible via l\u2019url *.imfast.io fournie par le service ou via le nom de domaine que vous lui aurez associ\u00e9.<\/p>\n\n\n\n<figure class=\"wp-block-image\"><img decoding=\"async\" src=\"https:\/\/korben.info\/app\/uploads\/2020\/05\/korben20200417144706-81-1024x1016.png\" alt=\"\" class=\"wp-image-115137\"\/><\/figure>\n\n\n\n<p>Pour le nom de domaine custom, il suffit de le sp\u00e9cifier et d\u2019aller changer la zone DNS de votre domaine avec les IP que Fast.io vous communiquera.<\/p>\n\n\n\n<figure class=\"wp-block-image\"><img decoding=\"async\" src=\"https:\/\/korben.info\/app\/uploads\/2020\/05\/korben20200417144706-78-1024x656.png\" alt=\"\" class=\"wp-image-115140\"\/><\/figure>\n\n\n\n<p>Notez que Fast.io vous permet d\u2019ajouter facilement Google Analytics sur vos pages et vous propose \u00e9galement une page permettant de savoir o\u00f9 vous en \u00eates de votre bande passante.<\/p>\n\n\n\n<figure class=\"wp-block-image\"><img decoding=\"async\" src=\"https:\/\/korben.info\/app\/uploads\/2020\/05\/korben20200417144706-82-1-1024x819.png\" alt=\"\" class=\"wp-image-115139\"\/><\/figure>\n\n\n\n<p>Pratique !<\/p>\n","protected":false},"excerpt":{"rendered":"<p>Nous allons utiliser\u00a0Fast.io. Ce service vous permet de lier un espace cloud perso Box, Dropbox, Github, Google Drive, OneDrive ou encore MediaFire \u00e0 une URL. Cela permet de rendre disponible sur le net un fichier h\u00e9berg\u00e9 sur l\u2019un de ces services, et de profiter de leur CDN (Content Distribution Network), mais \u00e9galement de statistiques. Et [&hellip;]<\/p>\n","protected":false},"author":1,"featured_media":0,"parent":0,"menu_order":0,"comment_status":"closed","ping_status":"closed","template":"","meta":{"footnotes":""},"class_list":["post-177","page","type-page","status-publish","hentry"],"_links":{"self":[{"href":"https:\/\/reglisss.freeboxos.fr\/wordpress\/wp-json\/wp\/v2\/pages\/177","targetHints":{"allow":["GET"]}}],"collection":[{"href":"https:\/\/reglisss.freeboxos.fr\/wordpress\/wp-json\/wp\/v2\/pages"}],"about":[{"href":"https:\/\/reglisss.freeboxos.fr\/wordpress\/wp-json\/wp\/v2\/types\/page"}],"author":[{"embeddable":true,"href":"https:\/\/reglisss.freeboxos.fr\/wordpress\/wp-json\/wp\/v2\/users\/1"}],"replies":[{"embeddable":true,"href":"https:\/\/reglisss.freeboxos.fr\/wordpress\/wp-json\/wp\/v2\/comments?post=177"}],"version-history":[{"count":1,"href":"https:\/\/reglisss.freeboxos.fr\/wordpress\/wp-json\/wp\/v2\/pages\/177\/revisions"}],"predecessor-version":[{"id":179,"href":"https:\/\/reglisss.freeboxos.fr\/wordpress\/wp-json\/wp\/v2\/pages\/177\/revisions\/179"}],"wp:attachment":[{"href":"https:\/\/reglisss.freeboxos.fr\/wordpress\/wp-json\/wp\/v2\/media?parent=177"}],"curies":[{"name":"wp","href":"https:\/\/api.w.org\/{rel}","templated":true}]}}