{"id":182,"date":"2020-06-06T12:15:48","date_gmt":"2020-06-06T10:15:48","guid":{"rendered":"https:\/\/reglisss.freeboxos.fr\/wordpress\/?page_id=182"},"modified":"2020-06-06T12:59:48","modified_gmt":"2020-06-06T10:59:48","slug":"chocolatey","status":"publish","type":"page","link":"https:\/\/reglisss.freeboxos.fr\/wordpress\/chocolatey\/","title":{"rendered":"CHOCOLATEY"},"content":{"rendered":"\n<h2 class=\"wp-block-heading\">Pr\u00e9sentation de Chocolatey<\/h2>\n\n\n\n<p>Chocolatey est un&nbsp;<strong>gestionnaire de paquets<\/strong>&nbsp;pour Windows.<\/p>\n\n\n\n<blockquote class=\"wp-block-quote is-layout-flow wp-block-quote-is-layout-flow\"><p>Un gestionnaire de paquets, qu\u2019est-ce que c\u2019est ?<\/p><\/blockquote>\n\n\n\n<p>Un&nbsp;<strong>gestionnaire de paquets<\/strong>, c\u2019est un outil qui permet d\u2019installer des logiciels, de les d\u00e9sinstaller et de les mettre \u00e0 jour.<\/p>\n\n\n\n<p>C\u2019est une fonctionnalit\u00e9 bien connue des utilisateurs de Linux o\u00f9 plusieurs gestionnaires de paquets existent (APT, pacman\u2026). C\u2019est d\u2019ailleurs pour moi la fonctionnalit\u00e9 n\u00b01 de Linux. Une fois qu\u2019on y a go\u00fbt\u00e9, difficile de revenir en arri\u00e8re !<\/p>\n\n\n\n<p>Son fonctionnement est simple : un gestionnaire est connect\u00e9 \u00e0 un ou plusieurs&nbsp;<strong>d\u00e9p\u00f4ts<\/strong>&nbsp;dans lesquels sont stock\u00e9s des&nbsp;<strong>paquets<\/strong>.&nbsp;Un paquet est une archive contenant les fichiers n\u00e9cessaires \u00e0 l\u2019installation d\u2019un logiciel sur un syst\u00e8me d\u2019exploitation (on peut y trouver des fichiers ex\u00e9cutables, des fichiers de configuration, des fichiers de documentation, des d\u00e9pendances logicielles, des scripts de pr\u00e9\/post installation, des scripts de pr\u00e9\/post d\u00e9sinstallation\u2026).<\/p>\n\n\n\n<p>Vous percevez les&nbsp;<strong>avantages<\/strong>&nbsp;d\u2019un tel outil ?<\/p>\n\n\n\n<ul class=\"wp-block-list\"><li>Tous les logiciels (les paquets) sont&nbsp;<strong>centralis\u00e9s<\/strong>&nbsp;dans un seul et m\u00eame serveur (le d\u00e9p\u00f4t) : plus besoin de parcourir le Web pour trouver les fichiers d\u2019installation de tel ou tel logiciel, tous se trouvent au m\u00eame endroit ! On va enfin pouvoir installer et mettre \u00e0 jour plusieurs logiciels avec une seule commande.<\/li><li>Tous les logiciels sont&nbsp;<strong>d\u00e9pourvus de spywares et malwares<\/strong>&nbsp;en tout genre : toutes les cases qui installaient des logiciels non d\u00e9sir\u00e9s n\u2019existent plus.<\/li><li>Les&nbsp;<strong>d\u00e9pendances sont automatiquement install\u00e9es<\/strong>&nbsp;: si un logiciel a besoin d\u2019un programme (ex. :&nbsp;Microsoft Visual C++ 2010 Redistributable Package) pour fonctionner, le gestionnaire va l\u2019installer automatiquement.<\/li><\/ul>\n\n\n\n<p>Sous Windows, aucun gestionnaire de paquets n\u2019est malheureusement int\u00e9gr\u00e9.<\/p>\n\n\n\n<p>Heureusement, il y a&nbsp;<strong>Chocolatey<\/strong>&nbsp;!<\/p>\n\n\n\n<p>Si c\u2019est encore un peu flou pour vous, les lignes qui suivent vont certainement vous permettre d\u2019y voir plus clair. \ud83d\ude42<\/p>\n\n\n\n<h2 class=\"wp-block-heading\">Installation de Chocolatey<\/h2>\n\n\n\n<p>Chocolatey s\u2019installe en quelques secondes :<\/p>\n\n\n\n<p><a href=\"https:\/\/lecrabeinfo.net\/ouvrir-powershell-sur-windows-10.html\">Ouvrez Powershell<\/a>\u00a0en tant qu\u2019administrateur.<\/p>\n\n\n\n<p>Ex\u00e9cutez la commande suivante (faites un copier\/coller) :<\/p>\n\n\n\n<p><code>Set-ExecutionPolicy Bypass -Scope Process -Force; iex ((New-Object System.Net.WebClient).DownloadString('https:\/\/chocolatey.org\/install.ps1'))<\/code><\/p>\n\n\n\n<p>Chocolatey est maintenant install\u00e9 sur votre PC et pr\u00eat \u00e0 l\u2019emploi !<\/p>\n\n\n\n<h2 class=\"wp-block-heading\">Utilisation de Chocolatey<\/h2>\n\n\n\n<h3 class=\"wp-block-heading\">Rechercher un logiciel<\/h3>\n\n\n\n<p>Avant d\u2019installer votre logiciel, il faut savoir si Chocolatey le propose dans ses d\u00e9p\u00f4ts.<\/p>\n\n\n\n<p>En effet, les d\u00e9p\u00f4ts contiennent beaucoup de logiciels mais tous les logiciels du march\u00e9 ne sont \u00e9videmment pas pr\u00e9sents (Adobe Photoshop, Microsoft Word\u2026).<\/p>\n\n\n\n<blockquote class=\"wp-block-quote is-layout-flow wp-block-quote-is-layout-flow\"><p>Comment faire pour savoir si un logiciel est disponible dans Chocolatey&nbsp;?<\/p><\/blockquote>\n\n\n\n<p>Vous pouvez effectuer une recherche soit :<\/p>\n\n\n\n<p>Via la\u00a0<strong>commande choco<\/strong>\u00a0:<\/p>\n\n\n\n<p><code>choco search --by-id-only firefox<\/code><\/p>\n\n\n\n<p>L\u2019argument\u00a0<code>--by-id-only<\/code>\u00a0permet de ne retourner que les paquets dont l\u2019id contient le filtre de recherche.<\/p>\n\n\n\n<figure class=\"wp-block-image\"><a href=\"https:\/\/lecrabeinfo.net\/app\/uploads\/2017\/08\/chocolatey-gestionnaire-paquets-windows-installer-logiciels-applications-ligne-commande-facilement-recherche-paquet-choco-search-59a2eaf53603b.png\"><img decoding=\"async\" src=\"https:\/\/lecrabeinfo.net\/app\/uploads\/2017\/08\/chocolatey-gestionnaire-paquets-windows-installer-logiciels-applications-ligne-commande-facilement-recherche-paquet-choco-search-59a2eaf53603b-1024x510.png\" alt=\"\" class=\"wp-image-8888\"\/><\/a><\/figure>\n\n\n\n<p><a href=\"https:\/\/lecrabeinfo.net\/app\/uploads\/2017\/08\/chocolatey-gestionnaire-paquets-windows-installer-logiciels-applications-ligne-commande-facilement-recherche-paquet-choco-search-59a2eaf53603b.png\"><\/a><\/p>\n\n\n\n<p>Via le&nbsp;<strong><a href=\"https:\/\/chocolatey.org\/packages\" target=\"_blank\" rel=\"noreferrer noopener\">site web de Chocolatey<\/a><\/strong>&nbsp;:<\/p>\n\n\n\n<figure class=\"wp-block-image\"><a href=\"https:\/\/lecrabeinfo.net\/app\/uploads\/2017\/08\/chocolatey-gestionnaire-paquets-windows-installer-logiciels-applications-ligne-commande-facilement-recherche-paquet-site-web-chocolatey-59a2e81d033ba.png\"><img decoding=\"async\" src=\"https:\/\/lecrabeinfo.net\/app\/uploads\/2017\/08\/chocolatey-gestionnaire-paquets-windows-installer-logiciels-applications-ligne-commande-facilement-recherche-paquet-site-web-chocolatey-59a2e81d033ba-1024x710.png\" alt=\"\" class=\"wp-image-8884\"\/><\/a><\/figure>\n\n\n\n<p><a href=\"https:\/\/lecrabeinfo.net\/app\/uploads\/2017\/08\/chocolatey-gestionnaire-paquets-windows-installer-logiciels-applications-ligne-commande-facilement-recherche-paquet-site-web-chocolatey-59a2e81d033ba.png\"><\/a><\/p>\n\n\n\n<p>Le logiciel que vous souhaitez installer est disponible ? Bien ! Maintenant, installons-le !<\/p>\n\n\n\n<h3 class=\"wp-block-heading\">Installer des logiciels<\/h3>\n\n\n\n<p>Pour&nbsp;<strong>installer un logiciel<\/strong>&nbsp;avec Chocolatey, c\u2019est simple :<\/p>\n\n\n\n<p><a href=\"https:\/\/lecrabeinfo.net\/ouvrir-powershell-sur-windows-10.html\">Ouvrez PowerShell<\/a>\u00a0en tant qu\u2019administrateur.<\/p>\n\n\n\n<p>Utilisez la commande\u00a0<\/p>\n\n\n\n<p><code>choco install<\/code><\/p>\n\n\n\n<p>\u00a0comme ici :<\/p>\n\n\n\n<p><code>choco install firefox -y<\/code><\/p>\n\n\n\n<p>L\u2019argument&nbsp;<code>-y<\/code>&nbsp;est optionnel, il permet de valider automatiquement l\u2019installation.<\/p>\n\n\n\n<figure class=\"wp-block-image\"><a href=\"https:\/\/lecrabeinfo.net\/app\/uploads\/2017\/08\/chocolatey-gestionnaire-paquets-windows-installer-logiciels-applications-ligne-commande-installer-paquet-choco-install-59a2eef031cc1.png\"><img decoding=\"async\" src=\"https:\/\/lecrabeinfo.net\/app\/uploads\/2017\/08\/chocolatey-gestionnaire-paquets-windows-installer-logiciels-applications-ligne-commande-installer-paquet-choco-install-59a2eef031cc1-1024x569.png\" alt=\"\" class=\"wp-image-8893\"\/><\/a><\/figure>\n\n\n\n<p>Vous pouvez \u00e9galement\u00a0<strong>installer plusieurs logiciels \u00e0 la fois<\/strong>\u00a0en s\u00e9parant le nom des paquets avec un espace :<\/p>\n\n\n\n<p><code>choco install gimp libreoffice thunderbird<\/code><\/p>\n\n\n\n<p>Cette commande installe GIMP, LibreOffice et Thunderbird.<\/p>\n\n\n\n<figure class=\"wp-block-image\"><a href=\"https:\/\/lecrabeinfo.net\/app\/uploads\/2017\/08\/chocolatey-gestionnaire-paquets-windows-installer-logiciels-applications-ligne-commande-installer-plusieurs-paquets-choco-install-59a2efa676572.png\"><img decoding=\"async\" src=\"https:\/\/lecrabeinfo.net\/app\/uploads\/2017\/08\/chocolatey-gestionnaire-paquets-windows-installer-logiciels-applications-ligne-commande-installer-plusieurs-paquets-choco-install-59a2efa676572-1024x562.png\" alt=\"\" class=\"wp-image-8894\"\/><\/a><\/figure>\n\n\n\n<p><a href=\"https:\/\/lecrabeinfo.net\/app\/uploads\/2017\/08\/chocolatey-gestionnaire-paquets-windows-installer-logiciels-applications-ligne-commande-installer-plusieurs-paquets-choco-install-59a2efa676572.png\"><\/a><\/p>\n\n\n\n<p>Vous voyez le&nbsp;<strong>gain de temps<\/strong>&nbsp;!<\/p>\n\n\n\n<p>Plus besoin de visiter le site web de l\u2019\u00e9diteur, de t\u00e9l\u00e9charger le programme d\u2019installation, l\u2019ex\u00e9cuter, cliquer comme un bourrin sur Suivant\u2026<\/p>\n\n\n\n<p>En&nbsp;<strong>une seule commande<\/strong>, vos logiciels sont automatiquement install\u00e9s. \ud83d\ude42<\/p>\n\n\n\n<h3 class=\"wp-block-heading\">D\u00e9sinstaller des logiciels<\/h3>\n\n\n\n<p>Pour d\u00e9sinstaller un logiciel, c\u2019est tout aussi simple :<\/p>\n\n\n\n<p>Utilisez la commande\u00a0<\/p>\n\n\n\n<p><code>choco uninstall<\/code><\/p>\n\n\n\n<p>\u00a0comme ici :<\/p>\n\n\n\n<p><code>choco uninstall firefox<\/code><\/p>\n\n\n\n<p>Validez en entrant&nbsp;<code>Y<\/code>, puis appuyez sur&nbsp;<kbd>Entr\u00e9e<\/kbd>.<\/p>\n\n\n\n<figure class=\"wp-block-image\"><a href=\"https:\/\/lecrabeinfo.net\/app\/uploads\/2017\/08\/chocolatey-gestionnaire-paquets-windows-installer-logiciels-applications-ligne-commande-desinstaller-paquet-logiciel-59a2f25861d04.png\"><img decoding=\"async\" src=\"https:\/\/lecrabeinfo.net\/app\/uploads\/2017\/08\/chocolatey-gestionnaire-paquets-windows-installer-logiciels-applications-ligne-commande-desinstaller-paquet-logiciel-59a2f25861d04-1024x620.png\" alt=\"\" class=\"wp-image-8900\"\/><\/a><\/figure>\n\n\n\n<p><a href=\"https:\/\/lecrabeinfo.net\/app\/uploads\/2017\/08\/chocolatey-gestionnaire-paquets-windows-installer-logiciels-applications-ligne-commande-desinstaller-paquet-logiciel-59a2f25861d04.png\"><\/a><\/p>\n\n\n\n<p>De la m\u00eame mani\u00e8re que pour l\u2019installation de logiciels, vous pouvez d\u00e9sinstaller plusieurs logiciels en m\u00eame temps :<\/p>\n\n\n\n<p><code>choco uninstall firefox virtualbox vlc<\/code><a href=\"https:\/\/lecrabeinfo.net\/app\/uploads\/2017\/08\/chocolatey-gestionnaire-paquets-windows-installer-logiciels-applications-ligne-commande-desinstaller-plusieurs-paquets-logiciels-59a2f26676727.png\"><\/a><\/p>\n\n\n\n<p>Voyons maintenant la fonctionnalit\u00e9 la plus utile : la&nbsp;<strong>mise \u00e0 jour de vos logiciels<\/strong>&nbsp;!<\/p>\n\n\n\n<h3 class=\"wp-block-heading\">Mettre \u00e0 jour des logiciels<\/h3>\n\n\n\n<p>Pour mettre \u00e0 jour des logiciels avec Chocolatey :<\/p>\n\n\n\n<p>V\u00e9rifiez si des mises \u00e0 jour sont disponibles :<\/p>\n\n\n\n<p><code>choco outdated<\/code><\/p>\n\n\n\n<figure class=\"wp-block-image\"><a href=\"https:\/\/lecrabeinfo.net\/app\/uploads\/2017\/08\/chocolatey-gestionnaire-paquets-windows-installer-logiciels-applications-ligne-commande-statut-logiciel-a-jour-59a2f49997366.png\"><img decoding=\"async\" src=\"https:\/\/lecrabeinfo.net\/app\/uploads\/2017\/08\/chocolatey-gestionnaire-paquets-windows-installer-logiciels-applications-ligne-commande-statut-logiciel-a-jour-59a2f49997366-640x347.png\" alt=\"\" class=\"wp-image-8903\"\/><\/a><\/figure>\n\n\n\n<p>Dans la capture ci-dessus, on voit que 17 logiciels ne sont pas \u00e0 jour.<\/p>\n\n\n\n<p><\/p>\n\n\n\n<p>Pour\u00a0<strong>mettre \u00e0 jour un seul paquet<\/strong>\u00a0:<\/p>\n\n\n\n<p><code>choco upgrade f.lux -y<\/code><\/p>\n\n\n\n<p>Ici, seule l\u2019application f.lux sera mise \u00e0 jour.<\/p>\n\n\n\n<figure class=\"wp-block-image\"><a href=\"https:\/\/lecrabeinfo.net\/app\/uploads\/2017\/08\/chocolatey-gestionnaire-paquets-windows-installer-logiciels-applications-ligne-commande-mise-a-jour-logiciel-59a2f65da2fad.png\"><img decoding=\"async\" src=\"https:\/\/lecrabeinfo.net\/app\/uploads\/2017\/08\/chocolatey-gestionnaire-paquets-windows-installer-logiciels-applications-ligne-commande-mise-a-jour-logiciel-59a2f65da2fad-640x347.png\" alt=\"\" class=\"wp-image-8905\"\/><\/a><\/figure>\n\n\n\n<p><\/p>\n\n\n\n<p><a href=\"https:\/\/lecrabeinfo.net\/app\/uploads\/2017\/08\/chocolatey-gestionnaire-paquets-windows-installer-logiciels-applications-ligne-commande-mise-a-jour-logiciel-59a2f65da2fad.png\"><\/a><\/p>\n\n\n\n<p>Pour mettre \u00e0 jour\u00a0<strong>tous les paquets<\/strong>\u00a0du syst\u00e8me :<\/p>\n\n\n\n<p><code>choco upgrade all -y<\/code><a href=\"https:\/\/lecrabeinfo.net\/app\/uploads\/2017\/08\/chocolatey-gestionnaire-paquets-windows-installer-logiciels-applications-ligne-commande-mise-a-jour-tous-logiciels-upgrade-59a2f86d75e1a.png\"><\/a><\/p>\n\n\n\n<p>Je crois que vous avez maintenant saisi l\u2019utilit\u00e9 d\u2019un gestionnaire de paquets comme Chocolatey : il vous permet d\u2019installer des logiciels, de les d\u00e9sinstaller et les mettre \u00e0 jour&nbsp;<strong>avec une facilit\u00e9 d\u00e9concertante<\/strong>&nbsp;!<\/p>\n\n\n\n<p>A titre personnel, je n\u2019utilise d\u00e9sormais que lui pour g\u00e9rer mes logiciels sur Windows. \ud83d\ude09<\/p>\n\n\n\n<h3 class=\"wp-block-heading\">Lister les logiciels install\u00e9s<\/h3>\n\n\n\n<p>Pour lister tous les paquets install\u00e9s avec Chocolatey :<\/p>\n\n\n\n<pre class=\"wp-block-code\"><code>choco list -l<\/code><\/pre>\n\n\n\n<p><\/p>\n\n\n\n<figure class=\"wp-block-image\"><a href=\"https:\/\/lecrabeinfo.net\/app\/uploads\/2017\/08\/chocolatey-gestionnaire-paquets-windows-installer-logiciels-applications-ligne-commande-liste-paquets-59a2f90fa269d.png\"><img decoding=\"async\" src=\"https:\/\/lecrabeinfo.net\/app\/uploads\/2017\/08\/chocolatey-gestionnaire-paquets-windows-installer-logiciels-applications-ligne-commande-liste-paquets-59a2f90fa269d-1024x555.png\" alt=\"\" class=\"wp-image-8908\"\/><\/a><\/figure>\n\n\n\n<h2 class=\"wp-block-heading\">Liste des commandes de Chocolatey<\/h2>\n\n\n\n<p>Voici&nbsp;<a href=\"https:\/\/chocolatey.org\/docs\/commands-reference\" target=\"_blank\" rel=\"noreferrer noopener\">toutes les commandes<\/a>&nbsp;disponibles avec Chocolatey :<\/p>\n\n\n\n<ul class=\"wp-block-list\"><li><strong>list<\/strong>&nbsp;ou&nbsp;<strong>search<\/strong>&nbsp;\u2013 liste les paquets distants ou locaux<\/li><li><strong>info<\/strong>&nbsp;\u2013 affiche les informations du paquet. Similaire \u00e0 :&nbsp;<code>choco search pkgname --exact --verbose<\/code><\/li><li><strong>install<\/strong>&nbsp;\u2013 installe des paquets<\/li><li><strong>pin<\/strong>&nbsp;\u2013 supprime les mises \u00e0 jour du paquet<\/li><li><strong>outdated<\/strong>&nbsp;\u2013 affiche les paquets obsol\u00e8tes. Similaire \u00e0&nbsp;<code>choco upgrade all --noop<\/code><\/li><li><strong>upgrade<\/strong>&nbsp;\u2013 met \u00e0 jour des paquets<\/li><li><strong>uninstall<\/strong>&nbsp;\u2013 d\u00e9sinstalle un paquet<\/li><li><strong>pack<\/strong>&nbsp;\u2013 converti un nuspec en un nupkg compil\u00e9<\/li><li><strong>push<\/strong>&nbsp;\u2013 pousse un nupkg compil\u00e9<\/li><li><strong>new<\/strong>&nbsp;\u2013 g\u00e9n\u00e8re les fichiers n\u00e9cessaires pour un paquet chocolatey \u00e0 partir d\u2019un mod\u00e8le<\/li><li><strong>sources<\/strong>&nbsp;ou&nbsp;<strong>source<\/strong>&nbsp;\u2013 affiche et configure les sources par d\u00e9faut<\/li><li><strong>config<\/strong>&nbsp;\u2013 r\u00e9cup\u00e8re et configure les param\u00e8tres du fichier de configuration<\/li><li><strong>feature<\/strong>&nbsp;ou&nbsp;<strong>features<\/strong>&nbsp;\u2013 affiche et configure les fonctionnalit\u00e9s de choco<\/li><li><strong>setapikey<\/strong>&nbsp;ou&nbsp;<strong>apikey<\/strong>&nbsp;\u2013 recup\u00e8re ou sauvegarde une apikey depuis une source d\u00e9finie<\/li><li><strong>unpackself<\/strong>&nbsp;\u2013 have chocolatey set itself up<\/li><li><strong>version<\/strong>&nbsp;\u2013 [D\u00c9PR\u00c9CI\u00c9] sera supprim\u00e9 dans la v1 \u2013 utilisez \u00e0 la place&nbsp;<code>choco outdated<\/code>&nbsp;ou&nbsp;<code>cup &lt;pkg|all&gt;<\/code><\/li><li><strong>update<\/strong>&nbsp;\u2013 [D\u00c9PR\u00c9CI\u00c9] r\u00e9serv\u00e9 pour une utilisation future<\/li><li><strong>support<\/strong>&nbsp;\u2013 fournit des informations de support<\/li><li><strong>download<\/strong>&nbsp;\u2013 t\u00e9l\u00e9charge des paquets packages<\/li><li><strong>synchronize<\/strong>&nbsp;ou&nbsp;<strong>sync<\/strong>&nbsp;\u2013 se synchronise avec le logiciel install\u00e9 sur le syst\u00e8me \u2013 g\u00e9n\u00e8re des packages manquants<\/li><li><strong>optimize<\/strong>&nbsp;\u2013 optimise l\u2019installation et r\u00e9duit l\u2019utilisation de l\u2019espace<\/li><\/ul>\n\n\n\n<h2 class=\"wp-block-heading\">FAQ sur Chocolatey<\/h2>\n\n\n\n<blockquote class=\"wp-block-quote is-layout-flow wp-block-quote-is-layout-flow\"><p>O\u00f9 sont install\u00e9s les paquets Chocolatey ?<\/p><\/blockquote>\n\n\n\n<p>Les paquets Chocolatey sont install\u00e9s par d\u00e9faut dans %SystemDrive%\\ProgramData\\chocolatey\\lib, mais le logiciel peut s\u2019installer dans un autre r\u00e9pertoire, tout d\u00e9pend de la mani\u00e8re dont le responsable du paquet a cr\u00e9\u00e9 le paquet.<\/p>\n\n\n\n<p>Si le paquet est bas\u00e9 sur&nbsp;<a href=\"https:\/\/fr.wikipedia.org\/wiki\/Windows_Installer\" target=\"_blank\" rel=\"noreferrer noopener\">Windows Installer<\/a>&nbsp;(fichier .msi), le logiciel sera plac\u00e9 dans le r\u00e9pertoire d\u2019installation par d\u00e9faut du logiciel (le plus souvent dans %ProgramFiles% ou %ProgramFiles(x86)%).<\/p>\n\n\n\n<p>Il existe \u00e9galement des paquets pour lesquels vous pouvez d\u00e9finir un&nbsp;<strong>chemin d\u2019installation personnalis\u00e9<\/strong>. Ces paquets (comme&nbsp;<a href=\"https:\/\/chocolatey.org\/packages\/cmdermini\" target=\"_blank\" rel=\"noreferrer noopener\">cmdermini<\/a>) utilisent la variable d\u2019environnement $env:ChocolateyToolsLocation (si la variable n\u2019existe pas, Chocolatey utilisera le dossier %SystemDrive%\\tools).<\/p>\n\n\n\n<blockquote class=\"wp-block-quote is-layout-flow wp-block-quote-is-layout-flow\"><p>J\u2019ai d\u00e9j\u00e0 des logiciels install\u00e9s, Chocolatey les d\u00e9tecte-t-il ? Faut-il que je les d\u00e9sinstalle avant d\u2019utiliser Chocolatey ?<\/p><\/blockquote>\n\n\n\n<p>Chocolatey&nbsp;<strong>ne d\u00e9tecte pas les logiciels<\/strong>&nbsp;que vous avez d\u00e9j\u00e0 install\u00e9s sur votre syst\u00e8me.<\/p>\n\n\n\n<p>Je vous recommande donc de les d\u00e9sinstaller par la voie classique puis de les r\u00e9installer avec Chocolatey.<\/p>\n\n\n\n<p>Ainsi, comme Chocolatey sait d\u00e9sormais que vous avez installer ces logiciels, vous pourrez les d\u00e9sinstaller ou les mettre \u00e0 jour via la commande&nbsp;<code>choco<\/code>&nbsp;!<\/p>\n","protected":false},"excerpt":{"rendered":"<p>Pr\u00e9sentation de Chocolatey Chocolatey est un&nbsp;gestionnaire de paquets&nbsp;pour Windows. Un gestionnaire de paquets, qu\u2019est-ce que c\u2019est ? Un&nbsp;gestionnaire de paquets, c\u2019est un outil qui permet d\u2019installer des logiciels, de les d\u00e9sinstaller et de les mettre \u00e0 jour. C\u2019est une fonctionnalit\u00e9 bien connue des utilisateurs de Linux o\u00f9 plusieurs gestionnaires de paquets existent (APT, pacman\u2026). C\u2019est [&hellip;]<\/p>\n","protected":false},"author":1,"featured_media":0,"parent":0,"menu_order":0,"comment_status":"closed","ping_status":"closed","template":"","meta":{"footnotes":""},"class_list":["post-182","page","type-page","status-publish","hentry"],"_links":{"self":[{"href":"https:\/\/reglisss.freeboxos.fr\/wordpress\/wp-json\/wp\/v2\/pages\/182","targetHints":{"allow":["GET"]}}],"collection":[{"href":"https:\/\/reglisss.freeboxos.fr\/wordpress\/wp-json\/wp\/v2\/pages"}],"about":[{"href":"https:\/\/reglisss.freeboxos.fr\/wordpress\/wp-json\/wp\/v2\/types\/page"}],"author":[{"embeddable":true,"href":"https:\/\/reglisss.freeboxos.fr\/wordpress\/wp-json\/wp\/v2\/users\/1"}],"replies":[{"embeddable":true,"href":"https:\/\/reglisss.freeboxos.fr\/wordpress\/wp-json\/wp\/v2\/comments?post=182"}],"version-history":[{"count":4,"href":"https:\/\/reglisss.freeboxos.fr\/wordpress\/wp-json\/wp\/v2\/pages\/182\/revisions"}],"predecessor-version":[{"id":189,"href":"https:\/\/reglisss.freeboxos.fr\/wordpress\/wp-json\/wp\/v2\/pages\/182\/revisions\/189"}],"wp:attachment":[{"href":"https:\/\/reglisss.freeboxos.fr\/wordpress\/wp-json\/wp\/v2\/media?parent=182"}],"curies":[{"name":"wp","href":"https:\/\/api.w.org\/{rel}","templated":true}]}}