{"id":198,"date":"2020-07-23T21:23:46","date_gmt":"2020-07-23T19:23:46","guid":{"rendered":"https:\/\/reglisss.freeboxos.fr\/wordpress\/?page_id=198"},"modified":"2020-07-23T21:23:46","modified_gmt":"2020-07-23T19:23:46","slug":"partager-en-http-un-fichier-sur-le-reseau-local","status":"publish","type":"page","link":"https:\/\/reglisss.freeboxos.fr\/wordpress\/partager-en-http-un-fichier-sur-le-reseau-local\/","title":{"rendered":"Partager en http un fichier sur le r\u00e9seau local"},"content":{"rendered":"\n<p>Besoin de transf\u00e9rer des fichiers localement d\u2019un ordinateur \u00e0 un autre ou \u00e0 un smartphone \/ tablette. J\u2019ai ce qu\u2019il vous faut ! Cela s\u2019appelle Ship et il s\u2019agit d\u2019un outil d\u00e9velopp\u00e9 en Python qui une fois install\u00e9 lance un mini serveur web temporaire sur votre machine et vous communique une URL.<\/p>\n\n\n\n<p>Vous n\u2019avez ensuite qu\u2019\u00e0 copier-coller cette URL dans un navigateur et vous pourrez r\u00e9cup\u00e9rer le fichier comme bon vous semble.<\/p>\n\n\n\n<p>Pour installer&nbsp;<strong><a href=\"https:\/\/yusuf8ahmed.github.io\/Ship\/\">Ship<\/a><\/strong>, ouvrez un terminal et entrez la commande suivante :<\/p>\n\n\n\n<pre class=\"wp-block-preformatted\">git clone https:\/\/github.com\/yusuf8ahmed\/Ship.git --branch v0.0.1.6 --single-branch<\/pre>\n\n\n\n<p>Ensuite, faites un<\/p>\n\n\n\n<pre class=\"wp-block-preformatted\">cd ship<\/pre>\n\n\n\n<pre class=\"wp-block-preformatted\">chmod +x install.sh<\/pre>\n\n\n\n<p>Puis un \u2026<\/p>\n\n\n\n<pre class=\"wp-block-preformatted\">.\/install.sh<\/pre>\n\n\n\n<p>\u2026 pour installer l\u2019utilitaire sur votre syst\u00e8me.<\/p>\n\n\n\n<p>Lancez ensuite ship de cette mani\u00e8re en pr\u00e9cisant le nom du fichier local que vous souhaitez partager :<\/p>\n\n\n\n<pre class=\"wp-block-preformatted\">ship POEME_POUR_PAPA.pdf<\/pre>\n\n\n\n<figure class=\"wp-block-image\"><img decoding=\"async\" src=\"https:\/\/korben.info\/app\/uploads\/2020\/06\/korben20200417144706-59-1024x330.jpg\" alt=\"\" class=\"wp-image-116191\"\/><\/figure>\n\n\n\n<p>Il ne vous reste plus ensuite, qu\u2019\u00e0 vous rendre avec un navigateur sur l\u2019URL communiqu\u00e9e par Ship pour voir et t\u00e9l\u00e9charger le fichier.<\/p>\n\n\n\n<figure class=\"wp-block-image\"><img decoding=\"async\" src=\"https:\/\/korben.info\/app\/uploads\/2020\/06\/papa-paulo-ship.jpg\" alt=\"\" class=\"wp-image-116192\"\/><\/figure>\n\n\n\n<p>Super pratique !<\/p>\n","protected":false},"excerpt":{"rendered":"<p>Besoin de transf\u00e9rer des fichiers localement d\u2019un ordinateur \u00e0 un autre ou \u00e0 un smartphone \/ tablette. J\u2019ai ce qu\u2019il vous faut ! Cela s\u2019appelle Ship et il s\u2019agit d\u2019un outil d\u00e9velopp\u00e9 en Python qui une fois install\u00e9 lance un mini serveur web temporaire sur votre machine et vous communique une URL. Vous n\u2019avez ensuite [&hellip;]<\/p>\n","protected":false},"author":1,"featured_media":0,"parent":0,"menu_order":0,"comment_status":"closed","ping_status":"closed","template":"","meta":{"footnotes":""},"class_list":["post-198","page","type-page","status-publish","hentry"],"_links":{"self":[{"href":"https:\/\/reglisss.freeboxos.fr\/wordpress\/wp-json\/wp\/v2\/pages\/198","targetHints":{"allow":["GET"]}}],"collection":[{"href":"https:\/\/reglisss.freeboxos.fr\/wordpress\/wp-json\/wp\/v2\/pages"}],"about":[{"href":"https:\/\/reglisss.freeboxos.fr\/wordpress\/wp-json\/wp\/v2\/types\/page"}],"author":[{"embeddable":true,"href":"https:\/\/reglisss.freeboxos.fr\/wordpress\/wp-json\/wp\/v2\/users\/1"}],"replies":[{"embeddable":true,"href":"https:\/\/reglisss.freeboxos.fr\/wordpress\/wp-json\/wp\/v2\/comments?post=198"}],"version-history":[{"count":1,"href":"https:\/\/reglisss.freeboxos.fr\/wordpress\/wp-json\/wp\/v2\/pages\/198\/revisions"}],"predecessor-version":[{"id":200,"href":"https:\/\/reglisss.freeboxos.fr\/wordpress\/wp-json\/wp\/v2\/pages\/198\/revisions\/200"}],"wp:attachment":[{"href":"https:\/\/reglisss.freeboxos.fr\/wordpress\/wp-json\/wp\/v2\/media?parent=198"}],"curies":[{"name":"wp","href":"https:\/\/api.w.org\/{rel}","templated":true}]}}