{"id":263,"date":"2021-09-17T15:17:10","date_gmt":"2021-09-17T13:17:10","guid":{"rendered":"https:\/\/reglisss.freeboxos.fr\/wordpress\/?page_id=263"},"modified":"2021-09-17T15:17:10","modified_gmt":"2021-09-17T13:17:10","slug":"logiciels-pour-le-taf-et-autorises","status":"publish","type":"page","link":"https:\/\/reglisss.freeboxos.fr\/wordpress\/logiciels-pour-le-taf-et-autorises\/","title":{"rendered":"Logiciels pour le taf (et autoris\u00e9s)"},"content":{"rendered":"\n<p><strong>Archifiltre pour arborescence de fichier New g\u00e9n\u00e9ration !!!<\/strong><\/p>\n\n\n\n<p><blockquote class=\"wp-embedded-content\" data-secret=\"EJQX7FLpJt\"><a href=\"https:\/\/archifiltre.fabrique.social.gouv.fr\/\">Home page Archifiltre<\/a><\/blockquote><iframe loading=\"lazy\" class=\"wp-embedded-content\" sandbox=\"allow-scripts\" security=\"restricted\" style=\"position: absolute; visibility: hidden;\" title=\"&#8220;Home page Archifiltre&#8221; &#8212; Archifiltre\" src=\"https:\/\/archifiltre.fabrique.social.gouv.fr\/embed\/#?secret=X7QDCSbuMh#?secret=EJQX7FLpJt\" data-secret=\"EJQX7FLpJt\" width=\"500\" height=\"282\" frameborder=\"0\" marginwidth=\"0\" marginheight=\"0\" scrolling=\"no\"><\/iframe><\/p>\n\n\n\n<p><strong>Montage vid\u00e9o puissant opensource!!<\/strong><\/p>\n\n\n\n<p>https:\/\/www.openshot.org\/<\/p>\n\n\n\n<p><strong><em>cachet<\/em> logiciel de monitoring de page web<\/strong><\/p>\n\n\n\n<p>https:\/\/cachethq.io\/<\/p>\n\n\n\n<p><strong>diagram ou draw.io pour faire des sch\u00e9mas de l espace !<\/strong> Ou mindmap plus basique<\/p>\n\n\n\n<p>https:\/\/www.diagrams.net\/<\/p>\n\n\n\n<p>https:\/\/www.freeplane.org\/wiki\/index.php\/Home<\/p>\n\n\n\n<p><strong>freefilesync le robocopy pour les noobs<\/strong><\/p>\n\n\n\n<p>https:\/\/freefilesync.org\/<\/p>\n\n\n\n<p><strong><em>gimp<\/em> pas besoin de rappeler que c est depuis 25 ann\u00e9es le meilleur outil graphique..<\/strong><\/p>\n\n\n\n<p>https:\/\/www.gimp.org\/<\/p>\n\n\n\n<p><strong><em>greenshop<\/em> outil de capture et annotation top pour tuto et <em>obsproject<\/em><\/strong> <strong>capture vid\u00e9o !<\/strong><\/p>\n\n\n\n<p>https:\/\/getgreenshot.org\/<\/p>\n\n\n\n<p>https:\/\/obsproject.com\/<\/p>\n\n\n\n<p><strong><em>inkscape<\/em> dessin vectoriel<\/strong><\/p>\n\n\n\n<p>https:\/\/inkscape.org\/release\/inkscape-1.0.2\/<\/p>\n\n\n\n<p><strong><em>bareos<\/em> le veeam mais en gratuit <\/strong><\/p>\n\n\n\n<p>https:\/\/www.bareos.com\/<\/p>\n\n\n\n<p><\/p>\n","protected":false},"excerpt":{"rendered":"<p>Archifiltre pour arborescence de fichier New g\u00e9n\u00e9ration !!! Home page Archifiltre Montage vid\u00e9o puissant opensource!! https:\/\/www.openshot.org\/ cachet logiciel de monitoring de page web https:\/\/cachethq.io\/ diagram ou draw.io pour faire des sch\u00e9mas de l espace ! Ou mindmap plus basique https:\/\/www.diagrams.net\/ https:\/\/www.freeplane.org\/wiki\/index.php\/Home freefilesync le robocopy pour les noobs https:\/\/freefilesync.org\/ gimp pas besoin de rappeler que c [&hellip;]<\/p>\n","protected":false},"author":1,"featured_media":0,"parent":0,"menu_order":0,"comment_status":"closed","ping_status":"closed","template":"","meta":{"footnotes":""},"class_list":["post-263","page","type-page","status-publish","hentry"],"_links":{"self":[{"href":"https:\/\/reglisss.freeboxos.fr\/wordpress\/wp-json\/wp\/v2\/pages\/263","targetHints":{"allow":["GET"]}}],"collection":[{"href":"https:\/\/reglisss.freeboxos.fr\/wordpress\/wp-json\/wp\/v2\/pages"}],"about":[{"href":"https:\/\/reglisss.freeboxos.fr\/wordpress\/wp-json\/wp\/v2\/types\/page"}],"author":[{"embeddable":true,"href":"https:\/\/reglisss.freeboxos.fr\/wordpress\/wp-json\/wp\/v2\/users\/1"}],"replies":[{"embeddable":true,"href":"https:\/\/reglisss.freeboxos.fr\/wordpress\/wp-json\/wp\/v2\/comments?post=263"}],"version-history":[{"count":1,"href":"https:\/\/reglisss.freeboxos.fr\/wordpress\/wp-json\/wp\/v2\/pages\/263\/revisions"}],"predecessor-version":[{"id":543,"href":"https:\/\/reglisss.freeboxos.fr\/wordpress\/wp-json\/wp\/v2\/pages\/263\/revisions\/543"}],"wp:attachment":[{"href":"https:\/\/reglisss.freeboxos.fr\/wordpress\/wp-json\/wp\/v2\/media?parent=263"}],"curies":[{"name":"wp","href":"https:\/\/api.w.org\/{rel}","templated":true}]}}