{"id":485,"date":"2021-05-07T12:01:07","date_gmt":"2021-05-07T10:01:07","guid":{"rendered":"https:\/\/reglisss.freeboxos.fr\/wordpress\/?page_id=485"},"modified":"2021-05-07T13:59:03","modified_gmt":"2021-05-07T11:59:03","slug":"wslg","status":"publish","type":"page","link":"https:\/\/reglisss.freeboxos.fr\/wordpress\/wslg\/","title":{"rendered":"WSLg"},"content":{"rendered":"\n<p>mettre a jour le driver video via cette page :<\/p>\n\n\n\n<ul class=\"wp-block-list\"><li><a href=\"https:\/\/community.amd.com\/community\/radeon-pro-graphics\/blog\/2020\/06\/17\/announcing-amd-support-for-gpu-accelerated-machine-learning-training-on-windows-10\">AMD GPU driver for WSL<\/a><\/li><li><a href=\"https:\/\/downloadcenter.intel.com\/download\/29526\">Intel GPU driver for WSL<\/a><\/li><li><a href=\"https:\/\/developer.nvidia.com\/cuda\/wsl\">NVIDIA GPU driver for WSL<\/a><\/li><\/ul>\n\n\n\n<h2 class=\"wp-block-heading\">puis en admin en powershell<\/h2>\n\n\n\n<p>dism.exe \/online \/enable-feature \/featurename:VirtualMachinePlatform \/all \/norestart<\/p>\n\n\n\n<p>Enable-WindowsOptionalFeature -Online -FeatureName Microsoft-Windows-Subsystem-Linux<\/p>\n\n\n\n<p><span class=\"has-inline-color has-colibri-color-2-color\">ATTENTION \u00e7a va rebooter ! \ud83d\ude09<\/span><\/p>\n\n\n\n<h2 class=\"wp-block-heading\">mettre a jour WSL vers la version 2 <\/h2>\n\n\n\n<p><a href=\"https:\/\/wslstorestorage.blob.core.windows.net\/wslblob\/wsl_update_x64.msi\">Package de mise \u00e0 jour du noyau Linux WSL2 pour machines x64<\/a><\/p>\n\n\n\n<h2 class=\"wp-block-heading\">puis en admin en powershell<\/h2>\n\n\n\n<p>wsl &#8211;set-default-version 2<\/p>\n\n\n\n<p>liste des distribs:<\/p>\n\n\n\n<ul class=\"wp-block-list\"><li><a href=\"https:\/\/aka.ms\/wslubuntu2004\">Ubuntu&nbsp;20.04<\/a><\/li><li><a href=\"https:\/\/aka.ms\/wslubuntu2004arm\">Ubuntu&nbsp;20.04 ARM<\/a><\/li><li><a href=\"https:\/\/aka.ms\/wsl-ubuntu-1804\">Ubuntu 18.04<\/a><\/li><li><a href=\"https:\/\/aka.ms\/wsl-ubuntu-1804-arm\">Ubuntu 18.04 ARM<\/a><\/li><li><a href=\"https:\/\/aka.ms\/wsl-ubuntu-1604\">Ubuntu&nbsp;16.04<\/a><\/li><li><a href=\"https:\/\/aka.ms\/wsl-debian-gnulinux\">Debian GNU\/Linux<\/a><\/li><li><a href=\"https:\/\/aka.ms\/wsl-kali-linux-new\">Kali Linux<\/a><\/li><li><a href=\"https:\/\/aka.ms\/wsl-sles-12\">SUSE Linux Enterprise Server&nbsp;12<\/a><\/li><li><a href=\"https:\/\/aka.ms\/wsl-SUSELinuxEnterpriseServer15SP2\">SUSE Linux Enterprise Server 15 SP2<\/a><\/li><li><a href=\"https:\/\/aka.ms\/wsl-opensuseleap15-2\">openSUSE Leap&nbsp;15.2<\/a><\/li><li><a href=\"https:\/\/github.com\/WhitewaterFoundry\/WSLFedoraRemix\/releases\/\">Fedora Remix pour WSL<\/a><\/li><\/ul>\n\n\n\n<h2 class=\"wp-block-heading\">puis vous adaptez la cmd PowerShell suivante :<\/h2>\n\n\n\n<pre class=\"wp-block-code\"><code>Invoke-WebRequest -Uri https:\/\/aka.ms\/wslubuntu2004 -outfile Ubuntu2004.appx -UseBasicParsing<\/code><\/pre>\n\n\n\n<h3 class=\"wp-block-heading\" id=\"download-using-curl\">ou T\u00e9l\u00e9charger \u00e0 l\u2019aide de curl<\/h3>\n\n\n\n<p><\/p>\n\n\n\n<pre class=\"wp-block-code\"><code>curl.exe -L -o ubuntu-1604.appx https:\/\/aka.ms\/wsl-ubuntu-1604\n<\/code><\/pre>\n\n\n\n<p><\/p>\n\n\n\n<blockquote class=\"wp-block-quote is-layout-flow wp-block-quote-is-layout-flow\"><p>Remarque&nbsp;: L\u2019utilisation de&nbsp;<code>curl<\/code>&nbsp;peut \u00eatre pr\u00e9f\u00e9rable si vous devez \u00e9crire des scripts\/appeler des \u00e9tapes de t\u00e9l\u00e9chargement \u00e0 l\u2019aide de l\u2019interpr\u00e9teur cmd et\/ou des scripts&nbsp;<code>.bat<\/code>&nbsp;\/&nbsp;<code>.cmd<\/code>.<\/p><p>Et il y a les info de la taille et de l&rsquo;avancemenet du download<\/p><\/blockquote>\n\n\n\n<figure class=\"wp-block-image size-large\"><img loading=\"lazy\" decoding=\"async\" width=\"611\" height=\"70\" src=\"https:\/\/reglisss.freeboxos.fr\/wordpress\/wp-content\/uploads\/2021\/05\/image.png\" alt=\"\" class=\"wp-image-486\" srcset=\"https:\/\/reglisss.freeboxos.fr\/wordpress\/wp-content\/uploads\/2021\/05\/image.png 611w, https:\/\/reglisss.freeboxos.fr\/wordpress\/wp-content\/uploads\/2021\/05\/image-300x34.png 300w\" sizes=\"auto, (max-width: 611px) 100vw, 611px\" \/><\/figure>\n\n\n\n<h2 class=\"wp-block-heading\"><strong><em>Puis en powershell:<\/em><\/strong><\/h2>\n\n\n\n<p>Add-AppxPackage .\\Ubuntu2004.appx<\/p>\n\n\n\n<p>puis allez dans c:\\windows\\system32 et clicker sur le fichier xxx.appx<\/p>\n\n\n\n<p><\/p>\n\n\n\n<p><\/p>\n\n\n\n<p>wsl &#8211;install -d Ubuntu<\/p>\n","protected":false},"excerpt":{"rendered":"<p>mettre a jour le driver video via cette page : AMD GPU driver for WSL Intel GPU driver for WSL NVIDIA GPU driver for WSL puis en admin en powershell dism.exe \/online \/enable-feature \/featurename:VirtualMachinePlatform \/all \/norestart Enable-WindowsOptionalFeature -Online -FeatureName Microsoft-Windows-Subsystem-Linux ATTENTION \u00e7a va rebooter ! \ud83d\ude09 mettre a jour WSL vers la version 2 Package [&hellip;]<\/p>\n","protected":false},"author":1,"featured_media":0,"parent":0,"menu_order":0,"comment_status":"closed","ping_status":"closed","template":"","meta":{"footnotes":""},"class_list":["post-485","page","type-page","status-publish","hentry"],"_links":{"self":[{"href":"https:\/\/reglisss.freeboxos.fr\/wordpress\/wp-json\/wp\/v2\/pages\/485","targetHints":{"allow":["GET"]}}],"collection":[{"href":"https:\/\/reglisss.freeboxos.fr\/wordpress\/wp-json\/wp\/v2\/pages"}],"about":[{"href":"https:\/\/reglisss.freeboxos.fr\/wordpress\/wp-json\/wp\/v2\/types\/page"}],"author":[{"embeddable":true,"href":"https:\/\/reglisss.freeboxos.fr\/wordpress\/wp-json\/wp\/v2\/users\/1"}],"replies":[{"embeddable":true,"href":"https:\/\/reglisss.freeboxos.fr\/wordpress\/wp-json\/wp\/v2\/comments?post=485"}],"version-history":[{"count":3,"href":"https:\/\/reglisss.freeboxos.fr\/wordpress\/wp-json\/wp\/v2\/pages\/485\/revisions"}],"predecessor-version":[{"id":493,"href":"https:\/\/reglisss.freeboxos.fr\/wordpress\/wp-json\/wp\/v2\/pages\/485\/revisions\/493"}],"wp:attachment":[{"href":"https:\/\/reglisss.freeboxos.fr\/wordpress\/wp-json\/wp\/v2\/media?parent=485"}],"curies":[{"name":"wp","href":"https:\/\/api.w.org\/{rel}","templated":true}]}}