{"id":504,"date":"2021-05-07T18:05:39","date_gmt":"2021-05-07T16:05:39","guid":{"rendered":"https:\/\/reglisss.freeboxos.fr\/wordpress\/?page_id=504"},"modified":"2021-05-07T18:08:46","modified_gmt":"2021-05-07T16:08:46","slug":"generateur-de-melodies","status":"publish","type":"page","link":"https:\/\/reglisss.freeboxos.fr\/wordpress\/generateur-de-melodies\/","title":{"rendered":"G\u00e9n\u00e9rateur de m\u00e9lodies"},"content":{"rendered":"\n<p><a href=\"https:\/\/dopeloop.ai\/melody-generator\/\" data-type=\"URL\" data-id=\"https:\/\/dopeloop.ai\/melody-generator\/\" target=\"_blank\" rel=\"noreferrer noopener\">Deviens le David Guetta qui sommeille en toi..ou pas\ud83e\udd29<\/a><\/p>\n","protected":false},"excerpt":{"rendered":"<p>Deviens le David Guetta qui sommeille en toi..ou pas\ud83e\udd29<\/p>\n","protected":false},"author":1,"featured_media":0,"parent":0,"menu_order":0,"comment_status":"closed","ping_status":"closed","template":"","meta":{"footnotes":""},"class_list":["post-504","page","type-page","status-publish","hentry"],"_links":{"self":[{"href":"https:\/\/reglisss.freeboxos.fr\/wordpress\/wp-json\/wp\/v2\/pages\/504","targetHints":{"allow":["GET"]}}],"collection":[{"href":"https:\/\/reglisss.freeboxos.fr\/wordpress\/wp-json\/wp\/v2\/pages"}],"about":[{"href":"https:\/\/reglisss.freeboxos.fr\/wordpress\/wp-json\/wp\/v2\/types\/page"}],"author":[{"embeddable":true,"href":"https:\/\/reglisss.freeboxos.fr\/wordpress\/wp-json\/wp\/v2\/users\/1"}],"replies":[{"embeddable":true,"href":"https:\/\/reglisss.freeboxos.fr\/wordpress\/wp-json\/wp\/v2\/comments?post=504"}],"version-history":[{"count":3,"href":"https:\/\/reglisss.freeboxos.fr\/wordpress\/wp-json\/wp\/v2\/pages\/504\/revisions"}],"predecessor-version":[{"id":508,"href":"https:\/\/reglisss.freeboxos.fr\/wordpress\/wp-json\/wp\/v2\/pages\/504\/revisions\/508"}],"wp:attachment":[{"href":"https:\/\/reglisss.freeboxos.fr\/wordpress\/wp-json\/wp\/v2\/media?parent=504"}],"curies":[{"name":"wp","href":"https:\/\/api.w.org\/{rel}","templated":true}]}}