{"id":550,"date":"2021-10-05T09:26:17","date_gmt":"2021-10-05T07:26:17","guid":{"rendered":"https:\/\/reglisss.freeboxos.fr\/wordpress\/?page_id=550"},"modified":"2021-11-01T11:57:21","modified_gmt":"2021-11-01T10:57:21","slug":"mdt-2022","status":"publish","type":"page","link":"https:\/\/reglisss.freeboxos.fr\/wordpress\/mdt-2022\/","title":{"rendered":"MDT 2022"},"content":{"rendered":"\n<p>Get-AppxPackage -AllUsers | Remove-AppxPackage<\/p>\n\n\n\n<p class=\"has-large-font-size\">D&rsquo;abord mettre une adresse IP fixe <\/p>\n\n\n\n<p>exemple: 192.168.100.100 \/24<\/p>\n\n\n\n<p>et  nommer la machine MDT01 ( et reboot)<\/p>\n\n\n\n<p class=\"has-large-font-size\"> installons un domaine <\/p>\n\n\n\n<p class=\"has-large-font-size\">exemple WDS.FR:<\/p>\n\n\n\n<p>Configurez ce serveur en tant que premier contr\u00f4leur de domaine Active Directory d\u2019une nouvelle for\u00eat.<\/p>\n\n\n\n<p>Le nouveau nom de domaine est \u00ab&nbsp;WDS.FR&nbsp;\u00bb. C\u2019est aussi le nom de la nouvelle for\u00eat.<\/p>\n\n\n\n<p>Nom NetBIOS du domaine&nbsp;: WDS<\/p>\n\n\n\n<p>Niveau fonctionnel de la for\u00eat&nbsp;: Windows Server 2016<\/p>\n\n\n\n<p>Niveau fonctionnel du domaine&nbsp;: Windows Server 2016<\/p>\n\n\n\n<p>Options suppl\u00e9mentaires&nbsp;:<\/p>\n\n\n\n<p>Catalogue global&nbsp;: Oui<\/p>\n\n\n\n<p>Serveur DNS&nbsp;: Oui<\/p>\n\n\n\n<p>Cr\u00e9er une d\u00e9l\u00e9gation DNS&nbsp;: Non<\/p>\n\n\n\n<p>Dossier de la base de donn\u00e9es&nbsp;: C:\\Windows\\NTDS<\/p>\n\n\n\n<p>Dossier des fichiers journaux&nbsp;: C:\\Windows\\NTDS<\/p>\n\n\n\n<p>Dossier SYSVOL&nbsp;: C:\\Windows\\SYSVOL<\/p>\n\n\n\n<p>Le service Serveur DNS sera configur\u00e9 sur cet ordinateur.<\/p>\n\n\n\n<p>Cet ordinateur sera configur\u00e9 pour utiliser ce serveur DNS en tant que serveur DNS pr\u00e9f\u00e9r\u00e9.<\/p>\n\n\n\n<p>Le mot de passe du nouvel administrateur de domaine sera le m\u00eame que celui de l\u2019administrateur local de cet ordinateur.<\/p>\n\n\n\n<p class=\"has-large-font-size\">ou en powershell:<\/p>\n\n\n\n<p><strong>Add<\/strong>-WindowsFeature&nbsp;<strong>AD<\/strong>-Domain-Services<\/p>\n\n\n\n<p>Import-Module ADDSDeployment<\/p>\n\n\n\n<p>puis:<br>Install-ADDSForest <code>-CreateDnsDelegation:$false<\/code> -DatabasePath \u00ab\u00a0C:\\Windows\\NTDS\u00a0\u00bb <code>-DomainMode \"WinThreshold\"<\/code> -DomainName \u00ab\u00a0WDS.FR\u00a0\u00bb <code>-DomainNetbiosName \"WDS\"<\/code> -ForestMode \u00ab\u00a0WinThreshold\u00a0\u00bb <code>-InstallDns:$true<\/code> -LogPath \u00ab\u00a0C:\\Windows\\NTDS\u00a0\u00bb <code>-NoRebootOnCompletion:$false<\/code> -SysvolPath \u00ab\u00a0C:\\Windows\\SYSVOL\u00a0\u00bb ` -Force:$true<\/p>\n\n\n\n<p class=\"has-large-font-size\">installation de wds en powershell (admin)<\/p>\n\n\n\n<p>Install-WindowsFeature -Name WDS -IncludeManagementTools<\/p>\n\n\n\n<p> puis copier :<\/p>\n\n\n\n<p><br>WDSUTIL \/Verbose \/Progress \/Initialize-Server \/Server:MDT01 \/RemInst:\u00a0\u00bbC:\\RemoteInstall\u00a0\u00bb<\/p>\n\n\n\n<p>(il peut avoir l&rsquo;erreur 0x41d , mais ce n&rsquo;est pas grave, c&rsquo;est que vous n&rsquo;avez pas encore red\u00e9marr\u00e9.)<\/p>\n\n\n\n<p>et taper:<br>WDSUTIL \/Set-Server \/AnswerClients:All<\/p>\n\n\n\n<p class=\"has-large-font-size\">Installer MDT<\/p>\n\n\n\n<p><a href=\"https:\/\/drive.google.com\/file\/d\/1kE8Dr1HN-wkNSiM3NWi4Hq2V_U6s7uKf\/view?usp=sharing\">https:\/\/drive.google.com\/file\/d\/1kE8Dr1HN-wkNSiM3NWi4Hq2V_U6s7uKf\/view?usp=sharing<\/a><\/p>\n\n\n\n<p>INSTALLER ADK next next next et adk add-on<\/p>\n\n\n\n<p>lancer deployment workbench<\/p>\n\n\n\n<p>dans deployment share faire new puis next next next \ud83d\ude09<\/p>\n\n\n\n<p>ce qui correspond en powershell a:<\/p>\n\n\n\n<p>New-Item -Path \u00ab\u00a0C:\\DeploymentShare\u00a0\u00bb -ItemType directory<br>New-SmbShare -Name \u00ab\u00a0DeploymentShare$\u00a0\u00bb -Path \u00ab\u00a0C:\\DeploymentShare\u00a0\u00bb -FullAccess Administrators<br>Import-Module \u00ab\u00a0C:\\Program Files\\Microsoft Deployment Toolkit\\bin\\MicrosoftDeploymentToolkit.psd1\u00a0\u00bb<br>new-PSDrive -Name \u00ab\u00a0DS001\u00a0\u00bb -PSProvider \u00ab\u00a0MDTProvider\u00a0\u00bb -Root \u00ab\u00a0C:\\DeploymentShare\u00a0\u00bb -Description \u00ab\u00a0MDT Deployment Share\u00a0\u00bb -NetworkPath \u00ab\u00a0\\MDT\\DeploymentShare$\u00a0\u00bb -Verbose | add-MDTPersistentDrive -Verbose<\/p>\n\n\n\n<p>puis ajouter une image win (par exemple celle d&rsquo;un wds deja existant)<\/p>\n\n\n\n<p>Import-Module \u00ab\u00a0C:\\Program Files\\Microsoft Deployment Toolkit\\bin\\MicrosoftDeploymentToolkit.psd1\u00a0\u00bb<br>New-PSDrive -Name \u00ab\u00a0DS001\u00a0\u00bb -PSProvider MDTProvider -Root \u00ab\u00a0C:\\DeploymentShare\u00a0\u00bb<br>import-mdtoperatingsystem -path \u00ab\u00a0DS001:\\Operating Systems\u00a0\u00bb -SourceFile \u00ab\u00a0C:\\DeploymentShare\\Operating Systems\\W1121H2.wim\u00a0\u00bb -DestinationFolder \u00ab\u00a0W1121H2\u00a0\u00bb -Move -Verbose<\/p>\n","protected":false},"excerpt":{"rendered":"<p>Get-AppxPackage -AllUsers | Remove-AppxPackage D&rsquo;abord mettre une adresse IP fixe exemple: 192.168.100.100 \/24 et nommer la machine MDT01 ( et reboot) installons un domaine exemple WDS.FR: Configurez ce serveur en tant que premier contr\u00f4leur de domaine Active Directory d\u2019une nouvelle for\u00eat. Le nouveau nom de domaine est \u00ab&nbsp;WDS.FR&nbsp;\u00bb. C\u2019est aussi le nom de la nouvelle [&hellip;]<\/p>\n","protected":false},"author":1,"featured_media":0,"parent":0,"menu_order":0,"comment_status":"closed","ping_status":"closed","template":"","meta":{"footnotes":""},"class_list":["post-550","page","type-page","status-publish","hentry"],"_links":{"self":[{"href":"https:\/\/reglisss.freeboxos.fr\/wordpress\/wp-json\/wp\/v2\/pages\/550","targetHints":{"allow":["GET"]}}],"collection":[{"href":"https:\/\/reglisss.freeboxos.fr\/wordpress\/wp-json\/wp\/v2\/pages"}],"about":[{"href":"https:\/\/reglisss.freeboxos.fr\/wordpress\/wp-json\/wp\/v2\/types\/page"}],"author":[{"embeddable":true,"href":"https:\/\/reglisss.freeboxos.fr\/wordpress\/wp-json\/wp\/v2\/users\/1"}],"replies":[{"embeddable":true,"href":"https:\/\/reglisss.freeboxos.fr\/wordpress\/wp-json\/wp\/v2\/comments?post=550"}],"version-history":[{"count":5,"href":"https:\/\/reglisss.freeboxos.fr\/wordpress\/wp-json\/wp\/v2\/pages\/550\/revisions"}],"predecessor-version":[{"id":639,"href":"https:\/\/reglisss.freeboxos.fr\/wordpress\/wp-json\/wp\/v2\/pages\/550\/revisions\/639"}],"wp:attachment":[{"href":"https:\/\/reglisss.freeboxos.fr\/wordpress\/wp-json\/wp\/v2\/media?parent=550"}],"curies":[{"name":"wp","href":"https:\/\/api.w.org\/{rel}","templated":true}]}}