{"id":564,"date":"2021-10-16T23:11:15","date_gmt":"2021-10-16T21:11:15","guid":{"rendered":"https:\/\/reglisss.freeboxos.fr\/wordpress\/?page_id=564"},"modified":"2021-10-16T23:11:15","modified_gmt":"2021-10-16T21:11:15","slug":"capture-et-deploiement-de-profils-windows-avant-et-apres-formatage-16-10-2021","status":"publish","type":"page","link":"https:\/\/reglisss.freeboxos.fr\/wordpress\/capture-et-deploiement-de-profils-windows-avant-et-apres-formatage-16-10-2021\/","title":{"rendered":"capture et d\u00e9ploiement de profils Windows avant et apr\u00e8s formatage (16\/10\/2021)"},"content":{"rendered":"\n<p>Petit pack issu de ADT afin de capturer et restaurer les profils (et certains repertoires voulu) suite aux demandes de formatages alias nettoyage de printemps (ou d&rsquo;automne ou hiver et m\u00eame d&rsquo;\u00e9t\u00e9&#8230;;-)<\/p>\n\n\n\n<p><a href=\"https:\/\/drive.google.com\/file\/d\/1DxsX2bp8HyM3gemMdQj3QE0fvTG7o2jD\/view?usp=sharing\">https:\/\/drive.google.com\/file\/d\/1DxsX2bp8HyM3gemMdQj3QE0fvTG7o2jD\/view?usp=sharing<\/a><\/p>\n\n\n\n<p>Les commandes dans les cmd capture.cmd et deploy.cmd sont l\u00e0 pour \u00eatre copier\/coll\u00e9 dans un cmd en admin.<\/p>\n\n\n\n<p>ll suffit de changer les lignes de r\u00e9pertoires dans folders.xml pour choisir les r\u00e9pertoires que l&rsquo;on veux garder.(ici BGINFO64 le r\u00e9pertoire et tous ce qu&rsquo;il contient)<\/p>\n\n\n\n<p>ENJOY<\/p>\n\n\n\n<p><\/p>\n","protected":false},"excerpt":{"rendered":"<p>Petit pack issu de ADT afin de capturer et restaurer les profils (et certains repertoires voulu) suite aux demandes de formatages alias nettoyage de printemps (ou d&rsquo;automne ou hiver et m\u00eame d&rsquo;\u00e9t\u00e9&#8230;;-) https:\/\/drive.google.com\/file\/d\/1DxsX2bp8HyM3gemMdQj3QE0fvTG7o2jD\/view?usp=sharing Les commandes dans les cmd capture.cmd et deploy.cmd sont l\u00e0 pour \u00eatre copier\/coll\u00e9 dans un cmd en admin. ll suffit de changer [&hellip;]<\/p>\n","protected":false},"author":1,"featured_media":0,"parent":0,"menu_order":0,"comment_status":"closed","ping_status":"closed","template":"","meta":{"footnotes":""},"class_list":["post-564","page","type-page","status-publish","hentry"],"_links":{"self":[{"href":"https:\/\/reglisss.freeboxos.fr\/wordpress\/wp-json\/wp\/v2\/pages\/564","targetHints":{"allow":["GET"]}}],"collection":[{"href":"https:\/\/reglisss.freeboxos.fr\/wordpress\/wp-json\/wp\/v2\/pages"}],"about":[{"href":"https:\/\/reglisss.freeboxos.fr\/wordpress\/wp-json\/wp\/v2\/types\/page"}],"author":[{"embeddable":true,"href":"https:\/\/reglisss.freeboxos.fr\/wordpress\/wp-json\/wp\/v2\/users\/1"}],"replies":[{"embeddable":true,"href":"https:\/\/reglisss.freeboxos.fr\/wordpress\/wp-json\/wp\/v2\/comments?post=564"}],"version-history":[{"count":1,"href":"https:\/\/reglisss.freeboxos.fr\/wordpress\/wp-json\/wp\/v2\/pages\/564\/revisions"}],"predecessor-version":[{"id":566,"href":"https:\/\/reglisss.freeboxos.fr\/wordpress\/wp-json\/wp\/v2\/pages\/564\/revisions\/566"}],"wp:attachment":[{"href":"https:\/\/reglisss.freeboxos.fr\/wordpress\/wp-json\/wp\/v2\/media?parent=564"}],"curies":[{"name":"wp","href":"https:\/\/api.w.org\/{rel}","templated":true}]}}