{"id":625,"date":"2021-10-26T09:37:03","date_gmt":"2021-10-26T07:37:03","guid":{"rendered":"https:\/\/reglisss.freeboxos.fr\/wordpress\/?page_id=625"},"modified":"2021-10-26T09:37:03","modified_gmt":"2021-10-26T07:37:03","slug":"creer-un-site-sur-tor-en-5-min","status":"publish","type":"page","link":"https:\/\/reglisss.freeboxos.fr\/wordpress\/creer-un-site-sur-tor-en-5-min\/","title":{"rendered":"Cr\u00e9er un site sur TOR en 5 min"},"content":{"rendered":"\n<p>Pas de moi et la fain\u00e9antise de le faire \u00e0 ma sauce, mais test\u00e9 OK<br>Amusant pour ceux qui veulent d\u00e9couvrir .<\/p>\n\n\n\n<p>ce tuto est&nbsp;faisable&nbsp;avec un&nbsp;<strong>raspberry headless<\/strong>&nbsp;(sans \u00e9cran ni souris ni clavier) si vous avez un pc et une connexion ssh au raspberry.<br>Premi\u00e8re chose \u00e0 faire : installer TOR.<br><br>sudo apt-get install tor<\/p>\n\n\n\n<p>Ensuite on va \u00e9diter le fichier torrc pour lancer les services TOR.<\/p>\n\n\n\n<p>sudo nano \/etc\/tor\/torrc<\/p>\n\n\n\n<p>On va d\u00e9commenter ces lignes :<\/p>\n\n\n\n<figure class=\"wp-block-image size-full\"><img loading=\"lazy\" decoding=\"async\" width=\"645\" height=\"275\" src=\"https:\/\/reglisss.freeboxos.fr\/wordpress\/wp-content\/uploads\/2021\/10\/image-2.png\" alt=\"\" class=\"wp-image-626\" srcset=\"https:\/\/reglisss.freeboxos.fr\/wordpress\/wp-content\/uploads\/2021\/10\/image-2.png 645w, https:\/\/reglisss.freeboxos.fr\/wordpress\/wp-content\/uploads\/2021\/10\/image-2-300x128.png 300w\" sizes=\"auto, (max-width: 645px) 100vw, 645px\" \/><\/figure>\n\n\n\n<p><a rel=\"noreferrer noopener\" href=\"https:\/\/hebergimages.com\/Heberge\/image\/PsY\" target=\"_blank\"><br><\/a><\/p>\n\n\n\n<p>Sauvegardez le fichier (&nbsp;Ctrl\u2013X et \u00e9 fois enter) et enfin on arr\u00eate le service TOR :<\/p>\n\n\n\n<p>sudo service tor stop<\/p>\n\n\n\n<p>Pour ensuite le lancer de nouveau :<\/p>\n\n\n\n<p>sudo tor<\/p>\n\n\n\n<p>Vous avez votre place sur TOR ! Mais maintenant il faudrait pouvoir cr\u00e9er un site dessus.<\/p>\n\n\n\n<p>On installe le paquet qui nous servira de serveur web :<\/p>\n\n\n\n<p>sudo apt-get install lighttpd<\/p>\n\n\n\n<p>Vous pouvez cr\u00e9er votre site dans le r\u00e9pertoire \/var\/www\/(html\/)<\/p>\n\n\n\n<p>Pour conna\u00eetre l&rsquo;url de votre site, il suffit de faire :<\/p>\n\n\n\n<p>sudo cat \/var\/lib\/tor\/hidden_service\/hostname<\/p>\n\n\n\n<p>PS : si vous \u00eates en ssh sur votre raspberry, je vous conseille vivement d&rsquo;installer le paquet&nbsp;<strong>Vsftpd&nbsp;<\/strong>qui permettra de transf\u00e9rer rapidement des fichiers via FileZilla.<\/p>\n\n\n\n<p>Tuto r\u00e9alis\u00e9 sur un rpi 3B+.<\/p>\n","protected":false},"excerpt":{"rendered":"<p>Pas de moi et la fain\u00e9antise de le faire \u00e0 ma sauce, mais test\u00e9 OKAmusant pour ceux qui veulent d\u00e9couvrir . ce tuto est&nbsp;faisable&nbsp;avec un&nbsp;raspberry headless&nbsp;(sans \u00e9cran ni souris ni clavier) si vous avez un pc et une connexion ssh au raspberry.Premi\u00e8re chose \u00e0 faire : installer TOR. sudo apt-get install tor Ensuite on va [&hellip;]<\/p>\n","protected":false},"author":1,"featured_media":0,"parent":0,"menu_order":0,"comment_status":"closed","ping_status":"closed","template":"","meta":{"footnotes":""},"class_list":["post-625","page","type-page","status-publish","hentry"],"_links":{"self":[{"href":"https:\/\/reglisss.freeboxos.fr\/wordpress\/wp-json\/wp\/v2\/pages\/625","targetHints":{"allow":["GET"]}}],"collection":[{"href":"https:\/\/reglisss.freeboxos.fr\/wordpress\/wp-json\/wp\/v2\/pages"}],"about":[{"href":"https:\/\/reglisss.freeboxos.fr\/wordpress\/wp-json\/wp\/v2\/types\/page"}],"author":[{"embeddable":true,"href":"https:\/\/reglisss.freeboxos.fr\/wordpress\/wp-json\/wp\/v2\/users\/1"}],"replies":[{"embeddable":true,"href":"https:\/\/reglisss.freeboxos.fr\/wordpress\/wp-json\/wp\/v2\/comments?post=625"}],"version-history":[{"count":1,"href":"https:\/\/reglisss.freeboxos.fr\/wordpress\/wp-json\/wp\/v2\/pages\/625\/revisions"}],"predecessor-version":[{"id":627,"href":"https:\/\/reglisss.freeboxos.fr\/wordpress\/wp-json\/wp\/v2\/pages\/625\/revisions\/627"}],"wp:attachment":[{"href":"https:\/\/reglisss.freeboxos.fr\/wordpress\/wp-json\/wp\/v2\/media?parent=625"}],"curies":[{"name":"wp","href":"https:\/\/api.w.org\/{rel}","templated":true}]}}