{"id":640,"date":"2021-11-08T19:35:24","date_gmt":"2021-11-08T18:35:24","guid":{"rendered":"https:\/\/reglisss.freeboxos.fr\/wordpress\/?page_id=640"},"modified":"2021-11-08T19:35:24","modified_gmt":"2021-11-08T18:35:24","slug":"pb-avec-windows-security","status":"publish","type":"page","link":"https:\/\/reglisss.freeboxos.fr\/wordpress\/pb-avec-windows-security\/","title":{"rendered":"PB AVEC WINDOWS SECURITY"},"content":{"rendered":"\n<p><\/p>\n\n\n\n<h2 class=\"wp-block-heading\">Si vous avez perdu l&rsquo;icone de Windows Security<\/h2>\n\n\n\n<h2 class=\"wp-block-heading\">Si vous avez perdu l&rsquo;icone de Windows Security<\/h2>\n\n\n\n<blockquote class=\"wp-block-quote is-layout-flow wp-block-quote-is-layout-flow\"><p>Salut<br>Cela peut vous arriver suite a une mise a jour, ou alors apr\u00e8s une r\u00e9installation.<\/p><p>Donc voici comment faire.<\/p><p>L&rsquo;ic\u00f4ne Windows Defender n&rsquo;apparait plus ou ne s&rsquo;ouvre plus sur la barre des t\u00e2ches ou dans la zone de notification suite, par exemple, \u00e0 une mise \u00e0 jour ou suite \u00e0 la d\u00e9sinstallation d&rsquo;un antivirus tiers.<\/p><p>Essayer les proc\u00e9dures ci-dessous pour r\u00e9tablir l&rsquo;ic\u00f4ne Windows Defender sur la barre des t\u00e2ches ou dans la zone de notification.<\/p><p><a href=\"https:\/\/img-19.ccm2.net\/5wXlonRTDqx6FUzn-oUqNZfCubs=\/688x\/ad6b8fee4e3b48b9af8da6f62a1e8f0e\/ccm-faq\/2021-06-05_1440023.png\" target=\"_blank\" rel=\"noreferrer noopener\"><\/a><\/p><p><strong>Afficher Windows Defender depuis Param\u00e8tres<\/strong><br>Ouvrir&nbsp;<strong>Param\u00e8tres \u25baPersonnalisation-\u25baBarre des t\u00e2ches<\/strong><br>Rubrique -\u25ba<strong>Zone de notification.<\/strong><br>Cliquer sur la ligne -\u25ba&nbsp;<strong>S\u00e9lectionner les ic\u00f4nes \u00e0 afficher dans la barre de t\u00e2che<br><\/strong><\/p><p><img decoding=\"async\" src=\"https:\/\/img-19.ccm2.net\/SeCS59wERuPpjTCORJxFvZlOp-8=\/422x\/5c29435495574dcb8431d69c9c09dc22\/ccm-faq\/FastStoneEditor1.png\" alt=\"\"><br>Activer en surbrillance la ligne &#8211;\u25ba<strong>Windows Security notification icon<\/strong><\/p><p><a href=\"https:\/\/img-19.ccm2.net\/bemudhp3G134GomK0r01cNJ5lEk=\/967x\/87363c5aca3c4d59af27fd7634b3f852\/ccm-faq\/021-06-05_14_53_54-FastStoneEditor_2.png\" target=\"_blank\" rel=\"noreferrer noopener\"><br><\/a><br>Red\u00e9marrer le PC<br><strong><br><br><br>Fichier reg Enable Windows Security<\/strong><\/p><p>Enregistrer&nbsp;<a href=\"https:\/\/www.tenforums.com\/attachments\/tutorials\/261127d1577637521-hide-show-windows-security-notification-area-icon-windows-10-a-enable_windows_security_notification_icon_for_all_users.reg\" target=\"_blank\" rel=\"noreferrer noopener\">Enable_Windows_Security_notification_icon_for_all_ users<\/a><br>Double-clique sur le fichier .reg t\u00e9l\u00e9charg\u00e9 pour le fusionner.<br>Clique sur Ex\u00e9cuter, OK ( UAC ), Oui et OK pour approuver la fusion.<br>Ou cliquer droit sur le fichier reg puis&nbsp;<strong>Fusionner<\/strong><\/p><p><a href=\"https:\/\/img-19.ccm2.net\/JOkXVzK1RmwAlZHgLBXUHuc4s00=\/448x\/b968313fe4f944b5b0fa37ea96844394\/ccm-faq\/FastStoneEditor5.png\" target=\"_blank\" rel=\"noreferrer noopener\"><br><\/a><br>Red\u00e9marrer le PC<br><strong><br><br><br>SecurityHealthSystray.exe au d\u00e9marrage<\/strong><\/p><p>Ouvrir et aller dans \u25ba Ce-PC -\u25baWindows -\u25baSystem32<br>Descendre a la lettre H et cliquer droit sur -\u25ba<strong>SecurityHealthSystray<\/strong><br>Puis -\u25baEnvoyer vers-\u25baBureau (Cr\u00e9er un raccourci)<\/p><p><a href=\"https:\/\/img-19.ccm2.net\/k4_D0YwquVXCnL8kDvRDykX4k9U=\/1326x\/7b80ebacc46b41a5afcb6a35ca4afaf8\/ccm-faq\/2021-06-05_15_08_11-FastStoneEditor6.png\" target=\"_blank\" rel=\"noreferrer noopener\"><br><br><br><\/a>Touche clavier&nbsp;<strong>Windows + R<\/strong>&nbsp;pour ouvrir le dossier D\u00e9marrage.<br>Taper -\u25ba&nbsp;<strong>shell:startup<\/strong><br>Puis&nbsp;<strong>OK<\/strong><br>Ou cliquer droit sur le bouton D\u00e9marrer puis sur la ligne -\u25ba<strong>Ex\u00e9cuter<\/strong><\/p><p><img decoding=\"async\" src=\"https:\/\/img-19.ccm2.net\/4iRBOM7nJ5UpTCyXvjA3ja7NEKw=\/395x\/3eb2ce4b833649debcea92bac2c81640\/ccm-faq\/FastStoneEditor6.png\" alt=\"\"><\/p><p>Copier\/coller ou faire glisser le raccourci&nbsp;<strong>SecurityHealthSystray<\/strong>&nbsp;dans le dossier&nbsp;<strong>D\u00e9marrage<\/strong>&nbsp;.<br>Red\u00e9marrer le PC<\/p><p><a href=\"https:\/\/img-19.ccm2.net\/fERwHX8Qizoa7Yn_idO7M2RQgT8=\/1107x\/91a5a59d828045d886325438c27186a1\/ccm-faq\/2021-06-05_15_19_51-FastStoneEditor7.png\" target=\"_blank\" rel=\"noreferrer noopener\"><\/a><\/p><p><a href=\"https:\/\/img-19.ccm2.net\/qqn4d2ij119csssGRket1a8trtA=\/847x\/7f9be32fa4cf4b79aa8c4dd3f01245af\/ccm-faq\/FastStoneEditor8.png\" target=\"_blank\" rel=\"noreferrer noopener\"><br><\/a><br><strong><br><br>Gestionnaire des t\u00e2ches<\/strong><\/p><p>Cliquer droit sur la barre des t\u00e2ches -\u25ba<strong>Gestionnaire des t\u00e2ches<\/strong><br>Onglet -\u25ba&nbsp;<strong>D\u00e9marrage<\/strong><br>Activer -\u25ba Windows Security notification icon<\/p><p><a href=\"https:\/\/img-19.ccm2.net\/Ow3JgYH8raok4HUX8WbCyXZrwRk=\/1920x\/b38cb275841f4ffba7c4d50a7ec85709\/ccm-faq\/2021-06-05_15_27_58-FastStoneEditor9.png\" target=\"_blank\" rel=\"noreferrer noopener\"><br><\/a><br>Red\u00e9marrer le PC.<br><strong><br><br><br>R\u00e9initialiser Defender avec Powershell<\/strong><\/p><p>R\u00e9initialiser l&rsquo;application de s\u00e9curit\u00e9 Windows \u00e0 partir de Powershell.<br>Dans le champ de recherche sur la barre des t\u00e2ches taper -\u25ba<strong>powershell<\/strong><br>Cliquer droit sur Windows Powershell -\u25ba<strong>Ex\u00e9cuter en tant qu&rsquo;administrateur<\/strong><\/p><p><a href=\"https:\/\/img-19.ccm2.net\/cJAw_6A8I6s3PcdpPQkJ0xaAQ9s=\/782x\/216512443c1f4f3b93cb732efc35b29f\/ccm-faq\/021-06-05_15_34_33-FastStoneEditor10.png\" target=\"_blank\" rel=\"noreferrer noopener\"><br><\/a><br>Dans la console PowerShell, copier et collez la commande ci-dessous et appuyer sur Entr\u00e9e la touche du clavier.<br><strong>Get-AppxPackage *Microsoft.Windows.SecHealthUI* | Reset-AppxPackage<\/strong><\/p><p><a href=\"https:\/\/img-19.ccm2.net\/aBEftA-9bR8Ks1zmAhMAzRaZGoU=\/839x\/8a9d60309ef8400081aacbaae195d868\/ccm-faq\/FastStoneEditor11.png\" target=\"_blank\" rel=\"noreferrer noopener\"><br><br><br><\/a>Une fois la commande ex\u00e9cut\u00e9e, quitter la console PowerShell.<br>Red\u00e9marrer le PC.<br><strong><br><br><br>R\u00e9installer S\u00e9curit\u00e9 Windows avec l&rsquo;invite de commande<\/strong><\/p><p>Dans le champ de recherche sur la barre des t\u00e2ches taper -\u25ba<strong>cmd<\/strong><br>Cliquer droit sur cmd \u25ba<strong>Ex\u00e9cuter en tant qu&rsquo;administrateur<\/strong><br>Dans la console de l&rsquo;invite de commande copier et collez la commande ci-dessous et appuyer sur Entr\u00e9e la touche du clavier.<br><strong>PowerShell -ExecutionPolicy Unrestricted -Command \u00ab\u00a0&amp; {$manifest = (Get-AppxPackage *Microsoft.Windows.SecHealthUI*).InstallLocation + &lsquo;\\AppxManifest.xml&rsquo; ; Add-AppxPackage -DisableDevelopmentMode -Register $manifest}\u00a0\u00bb<\/strong><\/p><p><a href=\"https:\/\/img-19.ccm2.net\/fzQQb1VrDZOX8M2P8oItXEppqDE=\/1920x\/16151aa2bc1444eeab5309cfbf826841\/ccm-faq\/FastStoneEditor12.png\" target=\"_blank\" rel=\"noreferrer noopener\"><br><\/a><br>Red\u00e9marrer le pc<\/p><p><a href=\"https:\/\/img-19.ccm2.net\/2ZKTVUqjeOBRAvZBDlZO4oPAIM4=\/1920x\/3b3003b72d94408c815f30cba0643ac0\/ccm-faq\/021-06-05_15_52_35-FastStoneEditor15.png\" target=\"_blank\" rel=\"noreferrer noopener\"><br><\/a><br><strong>R\u00e9activer Windows Defender<\/strong><\/p><p>Enregistrer le fichier reg ==\u25ba&nbsp;<a href=\"https:\/\/www.cjoint.com\/c\/KFyqpCLNZ0W\" target=\"_blank\" rel=\"noreferrer noopener\">activer_windows_defender<\/a><br>Ex\u00e9cuter le fichier.<br>Red\u00e9marrer le PC.<br><strong><br><br><br><br>M\u00e9thode manuelle dans le registre Windows<\/strong><\/p><p>Touche clavier&nbsp;<strong>Windows + R<\/strong>&nbsp;puis taper -\u25ba&nbsp;<strong>regedit<\/strong><br>Puis sur&nbsp;<strong>OK<\/strong><br>Se rendre a cette cl\u00e9 de registre :<br><strong>HKEY_LOCAL_MACHINE\\SOFTWARE\\Microsoft\\Windows Defender<\/strong><br>\u00c0 droite, modifier les valeurs&nbsp;<strong>DisableAntiSpyware<\/strong>&nbsp;et&nbsp;<strong>DisableAntiVirus<\/strong><\/p><p><img decoding=\"async\" src=\"https:\/\/img-19.ccm2.net\/FGZHcjmGa79825IHEMaWF8Ww3M4=\/332x\/ed1be328d87c49df87e94a2c44d25227\/ccm-faq\/FastStoneEditor1.png\" alt=\"\"><\/p><p>Dans&nbsp;<strong>Donn\u00e9es de la valeur<\/strong>&nbsp;mettre le chiffre -\u25ba&nbsp;<strong>0<\/strong><br>(En hexad\u00e9cimale)<\/p><p><a href=\"https:\/\/img-19.ccm2.net\/2e4FopQRUTIRAOkXzgwhlZJ91yM=\/1145x\/89078e94e370478e9dcfa21b3ab3d5dd\/ccm-faq\/2021-06-24_18_18_45-FastStoneEditor1.png\" target=\"_blank\" rel=\"noreferrer noopener\"><br><\/a><br>Fermer le registre Windows.<br>Red\u00e9marrer le PC.<\/p><\/blockquote>\n","protected":false},"excerpt":{"rendered":"<p>Si vous avez perdu l&rsquo;icone de Windows Security Si vous avez perdu l&rsquo;icone de Windows Security SalutCela peut vous arriver suite a une mise a jour, ou alors apr\u00e8s une r\u00e9installation. Donc voici comment faire. L&rsquo;ic\u00f4ne Windows Defender n&rsquo;apparait plus ou ne s&rsquo;ouvre plus sur la barre des t\u00e2ches ou dans la zone de notification [&hellip;]<\/p>\n","protected":false},"author":1,"featured_media":0,"parent":0,"menu_order":0,"comment_status":"closed","ping_status":"closed","template":"","meta":{"footnotes":""},"class_list":["post-640","page","type-page","status-publish","hentry"],"_links":{"self":[{"href":"https:\/\/reglisss.freeboxos.fr\/wordpress\/wp-json\/wp\/v2\/pages\/640","targetHints":{"allow":["GET"]}}],"collection":[{"href":"https:\/\/reglisss.freeboxos.fr\/wordpress\/wp-json\/wp\/v2\/pages"}],"about":[{"href":"https:\/\/reglisss.freeboxos.fr\/wordpress\/wp-json\/wp\/v2\/types\/page"}],"author":[{"embeddable":true,"href":"https:\/\/reglisss.freeboxos.fr\/wordpress\/wp-json\/wp\/v2\/users\/1"}],"replies":[{"embeddable":true,"href":"https:\/\/reglisss.freeboxos.fr\/wordpress\/wp-json\/wp\/v2\/comments?post=640"}],"version-history":[{"count":1,"href":"https:\/\/reglisss.freeboxos.fr\/wordpress\/wp-json\/wp\/v2\/pages\/640\/revisions"}],"predecessor-version":[{"id":641,"href":"https:\/\/reglisss.freeboxos.fr\/wordpress\/wp-json\/wp\/v2\/pages\/640\/revisions\/641"}],"wp:attachment":[{"href":"https:\/\/reglisss.freeboxos.fr\/wordpress\/wp-json\/wp\/v2\/media?parent=640"}],"curies":[{"name":"wp","href":"https:\/\/api.w.org\/{rel}","templated":true}]}}