{"id":71,"date":"2020-05-11T22:58:52","date_gmt":"2020-05-11T20:58:52","guid":{"rendered":"http:\/\/reglisss.freeboxos.fr\/wordpress\/?page_id=71"},"modified":"2021-10-26T19:52:25","modified_gmt":"2021-10-26T17:52:25","slug":"71-2","status":"publish","type":"page","link":"https:\/\/reglisss.freeboxos.fr\/wordpress\/71-2\/","title":{"rendered":"INSTALLATION DE WSL (Windows Subsystem Linux) maj 25\/10\/2021"},"content":{"rendered":"\n<h2 class=\"wp-block-heading\" id=\"install\">Installer<\/h2>\n\n\n\n<p>Vous pouvez maintenant installer tout ce dont vous avez besoin pour ex\u00e9cuter le sous-syst\u00e8me Windows pour Linux (WSL) en entrant cette commande dans PowerShell ou l\u2019invite de commandes Windows, puis en red\u00e9marrant votre ordinateur.PowerShell<\/p>\n\n\n\n<p>Copier<\/p>\n\n\n\n<pre class=\"wp-block-code\"><code>wsl --install\n<\/code><\/pre>\n\n\n\n<p>Cette commande active les composants facultatifs requis, t\u00e9l\u00e9charge le dernier noyau Linux, d\u00e9finit WSL\u00a02 comme valeur par d\u00e9faut et installe une distribution Linux pour vous\u00a0<em>(Ubuntu par d\u00e9faut, voir ci-dessous pour la modifier)<\/em>\u00a0.<\/p>\n\n\n\n<p>pour telecharger une distribution sans le windows store:(ex debian)<\/p>\n\n\n\n<p>wsl &#8211;install &#8211;distribution Debian<\/p>\n\n\n\n<p><\/p>\n\n\n\n<h2 class=\"wp-block-heading\" id=\"change-the-default-linux-distribution-installed\">Modifier la distribution Linux par d\u00e9faut install\u00e9e<\/h2>\n\n\n\n<p>Par d\u00e9faut, la distribution Linux install\u00e9e sera Ubuntu. Elle peut \u00eatre modifi\u00e9e \u00e0 l\u2019aide de l\u2019indicateur&nbsp;<code>-d<\/code>.<\/p>\n\n\n\n<ul class=\"wp-block-list\"><li>Pour changer la distribution install\u00e9e, entrez&nbsp;:&nbsp;<code>wsl --install -d &lt;Distribution Name&gt;<\/code>. Remplacez&nbsp;<code>&lt;Distribution Name&gt;<\/code>&nbsp;par le nom de la distribution que vous souhaitez installer.<\/li><li>Pour afficher la liste des distributions Linux disponibles en t\u00e9l\u00e9chargement par le biais du magasin en ligne, entrez&nbsp;:&nbsp;<code>wsl --list --online<\/code>&nbsp;ou&nbsp;<code>wsl -l -o<\/code>.<\/li><li>Pour installer des distributions Linux suppl\u00e9mentaires apr\u00e8s l\u2019installation initiale, vous pouvez \u00e9galement utiliser la commande&nbsp;:&nbsp;<code>wsl --install -d &lt;Distribution Name&gt;<\/code>.<\/li><\/ul>\n\n\n\n<p>&nbsp;Conseil<\/p>\n\n\n\n<p>Si vous souhaitez installer d\u2019autres distributions \u00e0 partir d\u2019une ligne de commande Linux\/Bash plut\u00f4t qu\u2019\u00e0 partir de PowerShell ou de l\u2019invite de commandes, vous devez utiliser .exe dans la commande (<code>wsl.exe --install -d &lt;Distribution Name&gt;<\/code>), tout comme pour lister les distributions disponibles&nbsp;:&nbsp;<code>wsl.exe -l -o<\/code>.<\/p>\n\n\n\n<p>enjoy!<\/p>\n","protected":false},"excerpt":{"rendered":"<p>Installer Vous pouvez maintenant installer tout ce dont vous avez besoin pour ex\u00e9cuter le sous-syst\u00e8me Windows pour Linux (WSL) en entrant cette commande dans PowerShell ou l\u2019invite de commandes Windows, puis en red\u00e9marrant votre ordinateur.PowerShell Copier Cette commande active les composants facultatifs requis, t\u00e9l\u00e9charge le dernier noyau Linux, d\u00e9finit WSL\u00a02 comme valeur par d\u00e9faut et [&hellip;]<\/p>\n","protected":false},"author":1,"featured_media":0,"parent":0,"menu_order":0,"comment_status":"closed","ping_status":"closed","template":"","meta":{"footnotes":""},"class_list":["post-71","page","type-page","status-publish","hentry"],"_links":{"self":[{"href":"https:\/\/reglisss.freeboxos.fr\/wordpress\/wp-json\/wp\/v2\/pages\/71","targetHints":{"allow":["GET"]}}],"collection":[{"href":"https:\/\/reglisss.freeboxos.fr\/wordpress\/wp-json\/wp\/v2\/pages"}],"about":[{"href":"https:\/\/reglisss.freeboxos.fr\/wordpress\/wp-json\/wp\/v2\/types\/page"}],"author":[{"embeddable":true,"href":"https:\/\/reglisss.freeboxos.fr\/wordpress\/wp-json\/wp\/v2\/users\/1"}],"replies":[{"embeddable":true,"href":"https:\/\/reglisss.freeboxos.fr\/wordpress\/wp-json\/wp\/v2\/comments?post=71"}],"version-history":[{"count":5,"href":"https:\/\/reglisss.freeboxos.fr\/wordpress\/wp-json\/wp\/v2\/pages\/71\/revisions"}],"predecessor-version":[{"id":634,"href":"https:\/\/reglisss.freeboxos.fr\/wordpress\/wp-json\/wp\/v2\/pages\/71\/revisions\/634"}],"wp:attachment":[{"href":"https:\/\/reglisss.freeboxos.fr\/wordpress\/wp-json\/wp\/v2\/media?parent=71"}],"curies":[{"name":"wp","href":"https:\/\/api.w.org\/{rel}","templated":true}]}}