{"id":712,"date":"2022-01-15T11:09:51","date_gmt":"2022-01-15T10:09:51","guid":{"rendered":"https:\/\/reglisss.freeboxos.fr\/wordpress\/?page_id=712"},"modified":"2022-01-15T11:09:51","modified_gmt":"2022-01-15T10:09:51","slug":"compactos","status":"publish","type":"page","link":"https:\/\/reglisss.freeboxos.fr\/wordpress\/compactos\/","title":{"rendered":"COMPACTOS"},"content":{"rendered":"\n<p>Windows 11 : comment activer Compact OS pour \u00e9conomiser de l\u2019espace de stockage ?Limitez l\u2019espace occup\u00e9 par l\u2019installation de Windows en activant Compact OS, une fonction permettant d\u2019ex\u00e9cuter le syst\u00e8me d\u2019exploitation \u00e0 partir de fichiers compress\u00e9s.Nativement, une installation de Windows 10 ou de Windows 11 occupe entre 12 et 15 Go d\u2019espace de stockage sur un disque dur. Malheureusement, cette quantit\u00e9 d\u2019espace peut rapidement s\u2019av\u00e9rer probl\u00e9matique sur certaines machines \u00e0 la configuration modeste, sur lesquelles la quantit\u00e9 de stockage propos\u00e9e est souvent limit\u00e9e.Pour ces machines-l\u00e0, Microsoft propose depuis Windows 10 une fonctionnalit\u00e9 permettant d\u2019ex\u00e9cuter le syst\u00e8me d\u2019exploitation \u00e0 partir de fichiers compress\u00e9s. Cette fonction, Compact OS, permet ainsi de compresser certains fichiers du noyau de Windows sans que cela emp\u00eache l\u2019ex\u00e9cution de l\u2019OS et n\u2019ait d\u2019incidence sur vos documents ou les applications install\u00e9es sur votre machine.En l\u2019activant sur votre PC, vous pourrez \u00e9conomiser plusieurs gigaoctets d\u2019espace sur votre stockage, aussi bien sur Windows 10 que sur Windows 11. La manipulation, qui se fait en lignes de commande, n\u2019a rien d\u2019insurmontable et est r\u00e9versible. Vous pourrez donc revenir tr\u00e8s facilement en arri\u00e8re si vous changez d\u2019avis.\u00c0 d\u00e9couvrir aussi en vid\u00e9o :1. V\u00e9rifiez si Compact OS est d\u00e9j\u00e0 actifAvant de vous jeter \u00e0 corps perdu dans l\u2019activation de Compact OS, v\u00e9rifiez si l\u2019option n\u2019a pas d\u00e9j\u00e0 \u00e9t\u00e9 activ\u00e9e sur la machine. Pour ce faire, faites un clic droit sur le menu D\u00e9marrer et ouvrez le Terminal Windows en mode administrateur.Entrez ensuite la commande suivante et validez en appuyant sur la touche Entr\u00e9e du clavier :compact \/compactos:queryLe Terminal Windows devrait alors vous indiquer si le syst\u00e8me est dans l\u2019\u00e9tat compact ou non.2. Activez Compact OSPour activer la compression des fichiers du noyau de Windows, toujours dans la fen\u00eatre du Terminal, tapez la commande suivante et validez en pressant la touche Entr\u00e9e du clavier :<\/p>\n\n\n\n<p>compact \/compactos:always\u200b\u200b\u200b\u200b\u200b\u200b\u200bLa compression des fichiers du syst\u00e8me d\u2019exploitation devrait alors d\u00e9marrer, le curseur affich\u00e9 en fin de ligne se mettant \u00e0 tourner. Prenez votre mal en patience, l\u2019op\u00e9ration peut durer plusieurs minutes.Une fois la compression termin\u00e9e, le Terminal devrait afficher un message indiquant Completed compressing OS binaries accompagn\u00e9 du ratio de compression effectu\u00e9.3. D\u00e9sactivez Compact OS<\/p>\n\n\n\n<p>La compression des fichiers du noyau de Windows est parfaitement r\u00e9versible, il est donc possible de revenir en arri\u00e8re tr\u00e8s facilement, en entrant une simple ligne de commande dans le Terminal.Pour d\u00e9sactiver Compact OS sur votre machine, lancez la commande suivante et validez avec la touche Entr\u00e9e du clavier :<\/p>\n\n\n\n<p>compact \/compactos:never<\/p>\n\n\n\n<p><div>Le processus de d\u00e9compression se lance alors et prendra plusieurs minutes pour prendre fin, sans que cela n\u2019affecte vos fichiers ou vos applications install\u00e9es sur votre PC<\/div><\/p>\n","protected":false},"excerpt":{"rendered":"<p>Windows 11 : comment activer Compact OS pour \u00e9conomiser de l\u2019espace de stockage ?Limitez l\u2019espace occup\u00e9 par l\u2019installation de Windows en activant Compact OS, une fonction permettant d\u2019ex\u00e9cuter le syst\u00e8me d\u2019exploitation \u00e0 partir de fichiers compress\u00e9s.Nativement, une installation de Windows 10 ou de Windows 11 occupe entre 12 et 15 Go d\u2019espace de stockage sur [&hellip;]<\/p>\n","protected":false},"author":1,"featured_media":0,"parent":0,"menu_order":0,"comment_status":"closed","ping_status":"closed","template":"","meta":{"footnotes":""},"class_list":["post-712","page","type-page","status-publish","hentry"],"_links":{"self":[{"href":"https:\/\/reglisss.freeboxos.fr\/wordpress\/wp-json\/wp\/v2\/pages\/712","targetHints":{"allow":["GET"]}}],"collection":[{"href":"https:\/\/reglisss.freeboxos.fr\/wordpress\/wp-json\/wp\/v2\/pages"}],"about":[{"href":"https:\/\/reglisss.freeboxos.fr\/wordpress\/wp-json\/wp\/v2\/types\/page"}],"author":[{"embeddable":true,"href":"https:\/\/reglisss.freeboxos.fr\/wordpress\/wp-json\/wp\/v2\/users\/1"}],"replies":[{"embeddable":true,"href":"https:\/\/reglisss.freeboxos.fr\/wordpress\/wp-json\/wp\/v2\/comments?post=712"}],"version-history":[{"count":1,"href":"https:\/\/reglisss.freeboxos.fr\/wordpress\/wp-json\/wp\/v2\/pages\/712\/revisions"}],"predecessor-version":[{"id":713,"href":"https:\/\/reglisss.freeboxos.fr\/wordpress\/wp-json\/wp\/v2\/pages\/712\/revisions\/713"}],"wp:attachment":[{"href":"https:\/\/reglisss.freeboxos.fr\/wordpress\/wp-json\/wp\/v2\/media?parent=712"}],"curies":[{"name":"wp","href":"https:\/\/api.w.org\/{rel}","templated":true}]}}