{"id":759,"date":"2022-04-10T11:00:13","date_gmt":"2022-04-10T09:00:13","guid":{"rendered":"https:\/\/reglisss.freeboxos.fr\/wordpress\/?page_id=759"},"modified":"2022-04-10T11:00:13","modified_gmt":"2022-04-10T09:00:13","slug":"activer-le-anti-ransomware","status":"publish","type":"page","link":"https:\/\/reglisss.freeboxos.fr\/wordpress\/media-cie\/activer-le-anti-ransomware\/","title":{"rendered":"ACTIVER LE ANTI RANSOMWARE"},"content":{"rendered":"\n<p>Commencez par ouvrir les Param\u00e8tres de Windows. Utilisez pour cela le raccourci clavier&nbsp;<strong>Windows + i<\/strong>. Dans la fen\u00eatre qui s\u2019affiche, s\u00e9lectionnez le menu&nbsp;<strong>Confidentialit\u00e9 et s\u00e9curit\u00e9<\/strong>&nbsp;dans le volet lat\u00e9ral.<\/p>\n\n\n\n<h3 class=\"wp-block-heading\"><strong>2. Acc\u00e9dez au module S\u00e9curit\u00e9 Windows<\/strong><\/h3>\n\n\n\n<figure class=\"wp-block-image\"><img decoding=\"async\" src=\"https:\/\/img.bfmtv.com\/c\/0\/708\/da045f\/5d20fdcbe910e5158ac101d486.png\" alt=\"\"\/><\/figure>\n\n\n\n<p>Une fois dans les options de&nbsp;<strong>Confidentialit\u00e9 et s\u00e9curit\u00e9<\/strong>, cliquez sur le premier menu affich\u00e9 en haut de la fen\u00eatre,&nbsp;<strong>S\u00e9curit\u00e9 Windows<\/strong>.<\/p>\n\n\n\n<figure class=\"wp-block-image\"><img decoding=\"async\" src=\"https:\/\/img.bfmtv.com\/c\/0\/708\/a0e41\/67104b4f6c4a2054c2be6772b81.png\" alt=\"\"\/><\/figure>\n\n\n\n<p>Dans la fen\u00eatre suivante, cliquez sur le bouton&nbsp;<strong>Ouvrir S\u00e9curit\u00e9 Windows<\/strong>&nbsp;affich\u00e9 tout en haut.PUBLICIT\u00c9<\/p>\n\n\n\n<figure class=\"wp-block-image\"><img decoding=\"async\" src=\"https:\/\/img.bfmtv.com\/c\/0\/708\/20462\/43f0ee249c56733611701a2ecce.png\" alt=\"\"\/><\/figure>\n\n\n\n<h3 class=\"wp-block-heading\"><strong>3. Trouvez l\u2019utilitaire de protection contre les virus<\/strong><\/h3>\n\n\n\n<p>Une nouvelle fen\u00eatre enti\u00e8rement d\u00e9di\u00e9e \u00e0 la&nbsp;<strong>S\u00e9curit\u00e9 Windows<\/strong>&nbsp;devrait alors s\u2019ouvrir. Dans la colonne de gauche, cliquez sur le menu&nbsp;<strong>Protection contre les virus et menaces<\/strong>.<\/p>\n\n\n\n<figure class=\"wp-block-image\"><img decoding=\"async\" src=\"https:\/\/img.bfmtv.com\/c\/0\/708\/a030367\/0c30c9cc97a0a6f3edadc7179.png\" alt=\"\"\/><\/figure>\n\n\n\n<p>Une fois dans le menu, rendez-vous tout en bas de la fen\u00eatre et choisissez de&nbsp;<strong>G\u00e9rer la Protection contre les ransomware<\/strong>.<\/p>\n\n\n\n<figure class=\"wp-block-image\"><img decoding=\"async\" src=\"https:\/\/img.bfmtv.com\/c\/0\/708\/efb\/146a501b9aaa146a20aedb7e9a887.png\" alt=\"\"\/><\/figure>\n\n\n\n<h3 class=\"wp-block-heading\"><strong>4. Activez la protection anti ransomware<\/strong><\/h3>\n\n\n\n<p>Vous voici d\u00e9sormais dans la fen\u00eatre d\u00e9di\u00e9e \u00e0 la protection contre les&nbsp;<em>ransomware<\/em>. Activez ensuite le petit&nbsp;<strong>interrupteur<\/strong>&nbsp;affich\u00e9 sous l\u2019intitul\u00e9&nbsp;<strong>Dispositif d\u2019acc\u00e8s contr\u00f4l\u00e9 aux dossiers<\/strong>. Dans la fen\u00eatre d\u2019alerte de&nbsp;<em>Contr\u00f4le de compte d\u2019utilisateur<\/em>, s\u00e9lectionnez&nbsp;<strong>Oui<\/strong>.<\/p>\n\n\n\n<figure class=\"wp-block-image\"><img decoding=\"async\" src=\"https:\/\/img.bfmtv.com\/c\/0\/708\/b58\/8bf7484f990d2ca9424194f10b4cc.png\" alt=\"\"\/><\/figure>\n\n\n\n<h3 class=\"wp-block-heading\"><strong>5. Choisissez les r\u00e9pertoires \u00e0 prot\u00e9ger<\/strong><\/h3>\n\n\n\n<p>Lorsque la protection contre les ransomware est activ\u00e9e, de nouvelles options apparaissent. Il vous faut d\u00e9sormais choisir les r\u00e9pertoires que vous souhaitez absolument prot\u00e9ger contre cette redoutable menace. Cliquez pour cela sur le menu&nbsp;<strong>Dossiers prot\u00e9g\u00e9s<\/strong>.<\/p>\n\n\n\n<figure class=\"wp-block-image\"><img decoding=\"async\" src=\"https:\/\/img.bfmtv.com\/c\/0\/708\/53a\/4b3e2d2752a7b3a224d4983d38693.png\" alt=\"\"\/><\/figure>\n\n\n\n<p>Par d\u00e9faut, le module antiran\u00e7ongiciel de Windows prot\u00e8ge vos r\u00e9pertoires&nbsp;<em>Documents<\/em>,<em>&nbsp;Images<\/em>,<em>&nbsp;Vid\u00e9os<\/em>,<em>&nbsp;Musique<\/em>&nbsp;et&nbsp;<em>Favoris<\/em>.<\/p>\n\n\n\n<p>Vous pouvez toutefois ajouter de nouveaux r\u00e9pertoires \u00e0 prot\u00e9ger en cliquant sur le bouton&nbsp;<strong>Ajouter un dossier prot\u00e9g\u00e9<\/strong>&nbsp;pr\u00e9sent en haut de la fen\u00eatre.<\/p>\n\n\n\n<figure class=\"wp-block-image\"><img decoding=\"async\" src=\"https:\/\/img.bfmtv.com\/c\/0\/708\/e6f\/1ef26c6fc4990e0eb82fe17aa7c1a.png\" alt=\"\"\/><\/figure>\n\n\n\n<h3 class=\"wp-block-heading\"><strong>6. S\u00e9lectionnez les applications autoris\u00e9es<\/strong><\/h3>\n\n\n\n<p>Maintenant que la protection antiransomware est active sur votre PC, certains des logiciels que vous utilisez quotidiennement peuvent ne plus \u00eatre autoris\u00e9s \u00e0 acc\u00e9der aux r\u00e9pertoires prot\u00e9g\u00e9s.<br>Le module antiran\u00e7ongiciel de Windows est en effet susceptible de d\u00e9tecter certaines applications comment potentiellement \u00e0 risque pour vos donn\u00e9es alors qu\u2019il n\u2019en est rien.<\/p>\n\n\n\n<p>Pour \u00e9viter ce genre de faux positifs, vous pouvez s\u00e9lectionner les applications que vous souhaitez ajouter \u00e0 la liste des programmes autoris\u00e9s, et qui ne seront donc pas bloqu\u00e9s par le module de protection anti ransomware.<\/p>\n\n\n\n<p>Pour ce faire, cliquez sur&nbsp;<strong>Autoriser une app via un dispositif d\u2019acc\u00e8s contr\u00f4l\u00e9 aux dossiers<\/strong>.<\/p>\n\n\n\n<figure class=\"wp-block-image\"><img decoding=\"async\" src=\"https:\/\/img.bfmtv.com\/c\/0\/708\/1a2\/e7da76f506e0fc0df3246c029ccd0.png\" alt=\"\"\/><\/figure>\n\n\n\n<p>Dans le menu d\u00e9di\u00e9 qui s\u2019affiche, cliquez sur&nbsp;<strong>Ajouter une application autoris\u00e9e<\/strong>. En fonction de l\u2019utilisation que vous avez fait de votre PC, vous pouvez, par exemple, cliquer sur&nbsp;<strong>Applications r\u00e9cemment bloqu\u00e9es<\/strong>, pour ajouter \u00e0 la liste blanche vos applications ayant \u00e9t\u00e9 bloqu\u00e9es par le syst\u00e8me de protection de Windows.<\/p>\n\n\n\n<figure class=\"wp-block-image\"><img decoding=\"async\" src=\"https:\/\/img.bfmtv.com\/c\/0\/708\/f77\/08ce888513ee5b3678a3eeb5a60c3.png\" alt=\"\"\/><\/figure>\n\n\n\n<p>Si aucun de vos logiciels n\u2019a pour l\u2019instant \u00e9t\u00e9 retoqu\u00e9 par Windows, cliquez sur&nbsp;<strong>Rechercher dans toutes les applications<\/strong>, puis \u00e0 l\u2019aide de l\u2019Explorateur de fichiers de Windows, naviguez jusqu\u2019au r\u00e9pertoire o\u00f9 sont install\u00e9s vos logiciels (g\u00e9n\u00e9ralement dans&nbsp;<em>C:\\Programmes<\/em>&nbsp;ou&nbsp;<em>C:\\Programmes (x86)<\/em>).<\/p>\n\n\n\n<p>Si le module anti-<em>ransomware<\/em>&nbsp;de Windows a tendance \u00e0 bloquer trop fr\u00e9quemment vos applications habituelles, les ajouter&nbsp;aux r\u00e9pertoires \u00e0 prot\u00e9ger devrait r\u00e9soudre le probl\u00e8me.<\/p>\n\n\n\n<p>Enfin, sachez qu&rsquo;en plus de l&rsquo;activation de la protection anti-ransomware de Windows,&nbsp;<a href=\"https:\/\/www.01net.com\/astuces\/comment-eviter-de-se-faire-pieger-par-les-ransomwares-1172966.html\" target=\"_blank\" rel=\"noreferrer noopener\">il est pr\u00e9f\u00e9rable d&rsquo;adopter un certain nombre de r\u00e9flexes pour s&rsquo;en pr\u00e9munir<\/a>.&nbsp;<\/p>\n","protected":false},"excerpt":{"rendered":"<p>Commencez par ouvrir les Param\u00e8tres de Windows. Utilisez pour cela le raccourci clavier&nbsp;Windows + i. Dans la fen\u00eatre qui s\u2019affiche, s\u00e9lectionnez le menu&nbsp;Confidentialit\u00e9 et s\u00e9curit\u00e9&nbsp;dans le volet lat\u00e9ral. 2. Acc\u00e9dez au module S\u00e9curit\u00e9 Windows Une fois dans les options de&nbsp;Confidentialit\u00e9 et s\u00e9curit\u00e9, cliquez sur le premier menu affich\u00e9 en haut de la fen\u00eatre,&nbsp;S\u00e9curit\u00e9 Windows. Dans [&hellip;]<\/p>\n","protected":false},"author":1,"featured_media":0,"parent":596,"menu_order":0,"comment_status":"closed","ping_status":"closed","template":"","meta":{"footnotes":""},"class_list":["post-759","page","type-page","status-publish","hentry"],"_links":{"self":[{"href":"https:\/\/reglisss.freeboxos.fr\/wordpress\/wp-json\/wp\/v2\/pages\/759","targetHints":{"allow":["GET"]}}],"collection":[{"href":"https:\/\/reglisss.freeboxos.fr\/wordpress\/wp-json\/wp\/v2\/pages"}],"about":[{"href":"https:\/\/reglisss.freeboxos.fr\/wordpress\/wp-json\/wp\/v2\/types\/page"}],"author":[{"embeddable":true,"href":"https:\/\/reglisss.freeboxos.fr\/wordpress\/wp-json\/wp\/v2\/users\/1"}],"replies":[{"embeddable":true,"href":"https:\/\/reglisss.freeboxos.fr\/wordpress\/wp-json\/wp\/v2\/comments?post=759"}],"version-history":[{"count":1,"href":"https:\/\/reglisss.freeboxos.fr\/wordpress\/wp-json\/wp\/v2\/pages\/759\/revisions"}],"predecessor-version":[{"id":760,"href":"https:\/\/reglisss.freeboxos.fr\/wordpress\/wp-json\/wp\/v2\/pages\/759\/revisions\/760"}],"up":[{"embeddable":true,"href":"https:\/\/reglisss.freeboxos.fr\/wordpress\/wp-json\/wp\/v2\/pages\/596"}],"wp:attachment":[{"href":"https:\/\/reglisss.freeboxos.fr\/wordpress\/wp-json\/wp\/v2\/media?parent=759"}],"curies":[{"name":"wp","href":"https:\/\/api.w.org\/{rel}","templated":true}]}}