{"id":777,"date":"2022-06-17T05:59:32","date_gmt":"2022-06-17T03:59:32","guid":{"rendered":"https:\/\/reglisss.freeboxos.fr\/wordpress\/?page_id=777"},"modified":"2022-06-17T05:59:32","modified_gmt":"2022-06-17T03:59:32","slug":"comment-recuperer-une-cle-de-licence-windows-et-determiner-si-elle-est-reutilisable-sur-un-autre-pc","status":"publish","type":"page","link":"https:\/\/reglisss.freeboxos.fr\/wordpress\/comment-recuperer-une-cle-de-licence-windows-et-determiner-si-elle-est-reutilisable-sur-un-autre-pc\/","title":{"rendered":"Comment r\u00e9cup\u00e9rer une cl\u00e9 de licence Windows et d\u00e9terminer si elle est r\u00e9utilisable sur un autre PC"},"content":{"rendered":"\n<p>R\u00e9cup\u00e9rez la cl\u00e9 de licence Windows de votre ancien PC et v\u00e9rifiez en quelques secondes si elle peut \u00eatre r\u00e9utilis\u00e9e pour installer Windows sur une nouvelle machine. OEM, Retail, et Volume. Chacune de ces cat\u00e9gories de licences offre plus ou moins de permissions.Quelle diff\u00e9rence entre une licence OEM, Retail et Volume ?Pour faire simple, les licences estampill\u00e9es OEM sont des licences pr\u00e9activ\u00e9es, fournies avec des ordinateurs neufs sur lesquels Windows est d\u00e9j\u00e0 install\u00e9, et pr\u00eat \u00e0 l\u2019emploi. Cette licence est, de fait, rattach\u00e9e \u00e0 la machine sur laquelle elle se trouve et ne peut \u00eatre utilis\u00e9e qu\u2019avec celui-ci. Les licences OEM sont g\u00e9n\u00e9ralement enregistr\u00e9es directement dans le BIOS ou le firmware UEFI du PC. C\u2019est d\u2019ailleurs la raison pour laquelle vous n\u2019avez pas besoin de r\u00e9activer votre copie de Windows lorsque vous r\u00e9installez Windows depuis une partition de r\u00e9cup\u00e9ration pr\u00e9sente sur le PC.Les licences Windows dites Retail sont des licences commerciales, que vous avez achet\u00e9 en version d\u00e9mat\u00e9rialis\u00e9e ou en version bo\u00eete en ligne ou chez un revendeur officiel. En version d\u00e9mat\u00e9rialis\u00e9e (ou num\u00e9rique) la licence est associ\u00e9e \u00e0 votre ordinateur et rattach\u00e9e \u00e0 votre compte Microsoft. Concr\u00e8tement, il vous suffit sur une machine neuve de connecter cette derni\u00e8re \u00e0 Internet et de vous identifier avec votre compte Microsoft pour que l\u2019activation de Windows se fasse automatiquement. Dans le cas o\u00f9 vous auriez achet\u00e9 une version bo\u00eete, vous devriez poss\u00e9der une version d\u2019installation physique de Windows (comme un DVD, ou une cl\u00e9 USB dans le cas de Windows 11). La licence est g\u00e9n\u00e9ralement inscrite quelque part dans la bo\u00eete. Les licences Retail peuvent \u00eatre transf\u00e9r\u00e9es d\u2019une machine \u00e0 l\u2019autre, mais ne peuvent \u00eatre utilis\u00e9es que sur un seul PC \u00e0 la fois.Les licences Windows en Volume sont, comme leur nom l\u2019indique, des licences vendues en lot \u00e0 des entreprises, des associations, des gouvernements, dans l\u2019\u00e9ducation, etc. et peuvent \u00eatre install\u00e9es sur un nombre limit\u00e9 d\u2019ordinateurs. Une fois que cette limite du nombre d\u2019ordinateurs autoris\u00e9s \u00e0 activer Windows est atteinte, cette cl\u00e9 de licence ne peut plus \u00eatre install\u00e9e sur une autre machine. C\u2019est typiquement le genre de licence que vous pouvez retrouver dans des offres all\u00e9chantes o\u00f9 la cl\u00e9 d\u2019activation de Windows 11 vous est factur\u00e9e moins d\u2019une dizaine d\u2019euros. Ces cl\u00e9s de licences peuvent potentiellement \u00eatre r\u00e9utilis\u00e9es, \u00e0 condition \u00e9videmment que leur nombre d\u2019utilisations maximal n\u2019ait pas \u00e9t\u00e9 d\u00e9pass\u00e9.<\/p>\n\n\n\n<p>Comment savoir si votre cl\u00e9 de licence est r\u00e9utilisable ?<\/p>\n\n\n\n<p>Pour d\u00e9terminer si la cl\u00e9 de licence Windows utilis\u00e9e sur votre ancienne machine peut \u00eatre r\u00e9utilis\u00e9e sur votre nouveau PC, une simple ligne de commande suffit.<\/p>\n\n\n\n<p>1. Ouvrez l\u2019Invite de commandesDepuis une session Administrateur de Windows, utilisez le raccourci clavier Windows + R, puis dans la fen\u00eatre Ex\u00e9cuter qui s\u2019affiche, tapez cmd et appuyez sur la touche Entrer pour valider.cmd<\/p>\n\n\n\n<p>2. D\u00e9terminez le type de votre cl\u00e9 de licencePour conna\u00eetre le type de cl\u00e9 de licence utilis\u00e9e pour l\u2019activation de la copie de Windows de votre PC, copiez-collez la commande Slmgr -dli dans l\u2019Invite de commandes et appuyez sur la touche Entrer du clavier pour valider.cmd\u00a9 01net.comUne fen\u00eatre Windows Script Host devrait alors s\u2019ouvrir. Regardez ensuite la ligne Description pour d\u00e9couvrir le type de licence utilis\u00e9e sur votre PC : OEM, Retail ou Volume. Appuyez sur OK pour fermer la fen\u00eatre.Windows Script Host<\/p>\n\n\n\n<p>Comment r\u00e9cup\u00e9rer votre cl\u00e9 de licence Windows<\/p>\n\n\n\n<p>Pour retrouver la cl\u00e9 de licence de Windows utilis\u00e9e sur votre ordinateur, une simple ligne de commande suffit. La manipulation est \u00e0 la port\u00e9e de tous et ne requiert aucune comp\u00e9tence particuli\u00e8re.<\/p>\n\n\n\n<p>1. Entrez la commandeToujours dans la fen\u00eatre de l\u2019Invite de commandes de Windows ouverte \u00e0 l\u2019\u00e9cran, copiez-collez simplement la commande qui suit et validez en pressant la touche Entrer du clavier :<\/p>\n\n\n\n<p>wmic path softwarelicensingservice get OA3xOriginalProductKeywmic path softwarelicensingservice get OA3xOriginalProductKey<\/p>\n\n\n\n<p>2. R\u00e9cup\u00e9rez votre cl\u00e9<\/p>\n\n\n\n<p>Logiquement, l\u2019Invite de commandes devrait afficher automatiquement la cl\u00e9 de produit Windows utilis\u00e9e sur votre PC. Copiez-la et conservez-la en lieu s\u00fbr afin de pouvoir la r\u00e9utiliser facilement.<\/p>\n\n\n\n<p>wmic path softwarelicensingservice get OA3xOriginalProductKey<\/p>\n\n\n\n<p>Elle vous sera demand\u00e9e \u00e0 la r\u00e9installation de Windows pour activer votre copie sur les serveurs de Microsoft<\/p>\n","protected":false},"excerpt":{"rendered":"<p>R\u00e9cup\u00e9rez la cl\u00e9 de licence Windows de votre ancien PC et v\u00e9rifiez en quelques secondes si elle peut \u00eatre r\u00e9utilis\u00e9e pour installer Windows sur une nouvelle machine. OEM, Retail, et Volume. Chacune de ces cat\u00e9gories de licences offre plus ou moins de permissions.Quelle diff\u00e9rence entre une licence OEM, Retail et Volume ?Pour faire simple, les [&hellip;]<\/p>\n","protected":false},"author":1,"featured_media":0,"parent":0,"menu_order":0,"comment_status":"closed","ping_status":"closed","template":"","meta":{"footnotes":""},"class_list":["post-777","page","type-page","status-publish","hentry"],"_links":{"self":[{"href":"https:\/\/reglisss.freeboxos.fr\/wordpress\/wp-json\/wp\/v2\/pages\/777","targetHints":{"allow":["GET"]}}],"collection":[{"href":"https:\/\/reglisss.freeboxos.fr\/wordpress\/wp-json\/wp\/v2\/pages"}],"about":[{"href":"https:\/\/reglisss.freeboxos.fr\/wordpress\/wp-json\/wp\/v2\/types\/page"}],"author":[{"embeddable":true,"href":"https:\/\/reglisss.freeboxos.fr\/wordpress\/wp-json\/wp\/v2\/users\/1"}],"replies":[{"embeddable":true,"href":"https:\/\/reglisss.freeboxos.fr\/wordpress\/wp-json\/wp\/v2\/comments?post=777"}],"version-history":[{"count":1,"href":"https:\/\/reglisss.freeboxos.fr\/wordpress\/wp-json\/wp\/v2\/pages\/777\/revisions"}],"predecessor-version":[{"id":778,"href":"https:\/\/reglisss.freeboxos.fr\/wordpress\/wp-json\/wp\/v2\/pages\/777\/revisions\/778"}],"wp:attachment":[{"href":"https:\/\/reglisss.freeboxos.fr\/wordpress\/wp-json\/wp\/v2\/media?parent=777"}],"curies":[{"name":"wp","href":"https:\/\/api.w.org\/{rel}","templated":true}]}}