{"id":784,"date":"2022-07-20T22:47:20","date_gmt":"2022-07-20T20:47:20","guid":{"rendered":"https:\/\/reglisss.freeboxos.fr\/wordpress\/?page_id=784"},"modified":"2022-07-20T22:47:20","modified_gmt":"2022-07-20T20:47:20","slug":"comment-deployer-microsoft-office-365-par-gpo-en-entreprise","status":"publish","type":"page","link":"https:\/\/reglisss.freeboxos.fr\/wordpress\/comment-deployer-microsoft-office-365-par-gpo-en-entreprise\/","title":{"rendered":"Comment d\u00e9ployer Microsoft Office 365 par GPO en Entreprise"},"content":{"rendered":"\n<p><strong>Microsoft-365<\/strong><\/p>\n\n\n\n<h1 class=\"wp-block-heading\">Par Tutos-Info , le 20 juin 2021 , mis \u00e0 jour le 15 juillet 2021 &#8211; 6 minutes de lecture<\/h1>\n\n\n\n<figure class=\"wp-block-image\"><img decoding=\"async\" src=\"https:\/\/www.tutos-informatique.com\/wp-content\/uploads\/2016\/09\/microsoft.png\" alt=\"logo microsoft\"\/><\/figure>\n\n\n\n<p><a href=\"https:\/\/www.tutos-informatique.com\/\">Accueil<\/a>\u203a<a href=\"https:\/\/www.tutos-informatique.com\/microsoft365\/\">Microsoft-365<\/a>\u203aComment d\u00e9ployer Microsoft Office 365 par GPO en Entreprise<\/p>\n\n\n\n<p>5\/5 &#8211; (4 votes)<\/p>\n\n\n\n<p>Vous voulez d\u00e9ployer&nbsp;<strong>Microsoft Office 365 gr\u00e2ce aux GPO<\/strong>&nbsp;?<\/p>\n\n\n\n<p>Les GPO permettent d&rsquo;<strong>installer automatiquement la suite Office<\/strong>&nbsp;sur les postes de votre parc informatique.<\/p>\n\n\n\n<p>Ce tutoriel vous donne toute la d\u00e9marche \u00e0 suivre pour effectuer un d\u00e9ploiement automatis\u00e9 d&rsquo;<strong>Office 365 au sein de votre entreprise<\/strong>.<\/p>\n\n\n\n<p>Sommaire&nbsp;[<a href=\"https:\/\/www.tutos-informatique.com\/deploiement-office365-gpo\/#\">Cacher<\/a>]<\/p>\n\n\n\n<ul class=\"wp-block-list\"><li><a href=\"https:\/\/www.tutos-informatique.com\/deploiement-office365-gpo\/#Etape_1_-_Creer_votre_Kit_dinstallation_hors_connexion_pour_Office_365\">1&nbsp;Etape 1 &#8211; Cr\u00e9er votre Kit d&rsquo;installation hors connexion pour Office 365<\/a><\/li><li><a href=\"https:\/\/www.tutos-informatique.com\/deploiement-office365-gpo\/#Etape_2_-_Creation_du_XML_dinstallation_Office_365\">2&nbsp;Etape 2 &#8211; Cr\u00e9ation du XML d&rsquo;installation Office 365<\/a><\/li><li><a href=\"https:\/\/www.tutos-informatique.com\/deploiement-office365-gpo\/#Etape_-_3_Creation_dun_script_Powershell_pour_verifier_lexistence_dOffice_365\">3&nbsp;Etape &#8211; 3 Cr\u00e9ation d&rsquo;un script Powershell pour v\u00e9rifier l&rsquo;existence d&rsquo;Office 365<\/a><\/li><li><a href=\"https:\/\/www.tutos-informatique.com\/deploiement-office365-gpo\/#Etape_4_-_Mise_en_place_dune_GPO_pour_installer_Microsoft_office_365\">4&nbsp;Etape 4 &#8211; Mise en place d&rsquo;une GPO pour installer Microsoft office 365<\/a><\/li><\/ul>\n\n\n\n<h2 class=\"wp-block-heading\">Etape 1 &#8211; Cr\u00e9er votre Kit d&rsquo;installation hors connexion pour Office 365<\/h2>\n\n\n\n<p>Le KIT de hors-connexion permet de r\u00e9cup\u00e9rer les fichiers d&rsquo;installation sur votre serveur et ainsi<strong>&nbsp;\u00e9conomiser la bonne passante<\/strong>.<\/p>\n\n\n\n<p>C&rsquo;est indispensable pour le&nbsp;<strong>d\u00e9ploiement par GPO.<\/strong><\/p>\n\n\n\n<p>Un tutoriel pour&nbsp;<strong><a href=\"https:\/\/www.tutos-informatique.com\/telecharger-installer-office-2019-microsoft-office-365\/\" target=\"_blank\" rel=\"noreferrer noopener\">installer Office 2019 et Office 365<\/a><\/strong>&nbsp;est disponible.<\/p>\n\n\n\n<p>Afin de gagner du temps je vous propose de t\u00e9l\u00e9charger un kit pr\u00eat \u00e0 l&#8217;emploi. Vous devez simplement&nbsp;<strong>modifier le chemin ou vous souhaitez stocker les sources<\/strong><a href=\"https:\/\/drive.infomaniak.com\/app\/share\/112902\/42075814-4cef-4b93-afc7-76ca122561c5\/33964\/download\" target=\"_blank\" rel=\"noreferrer noopener\">&nbsp;Kit Office 365<\/a><\/p>\n\n\n\n<figure class=\"wp-block-image\" id=\"attachment_5467\"><a href=\"https:\/\/www.tutos-informatique.com\/wp-content\/uploads\/2021\/06\/Kit-O365.jpg\"><img decoding=\"async\" src=\"https:\/\/www.tutos-informatique.com\/wp-content\/uploads\/2021\/06\/Kit-O365.jpg\" alt=\"contenu kit o365\" class=\"wp-image-5467\"\/><\/a><figcaption>Le contenu du fichier Kit-O365.zip<\/figcaption><\/figure>\n\n\n\n<p>Une fois t\u00e9l\u00e9charg\u00e9 il faut modifier le fichier \u00ab\u00a0telecharger.xml\u00a0\u00bb<\/p>\n\n\n\n<figure class=\"wp-block-image\" id=\"attachment_5466\"><a href=\"https:\/\/www.tutos-informatique.com\/wp-content\/uploads\/2021\/06\/xml-o365.jpg\"><img decoding=\"async\" src=\"https:\/\/www.tutos-informatique.com\/wp-content\/uploads\/2021\/06\/xml-o365.jpg\" alt=\"xml office 365\" class=\"wp-image-5466\"\/><\/a><figcaption>Ici nos fichiers vont dans C:\\O365 pensez \u00e0 \u00e9diter le chemin.<\/figcaption><\/figure>\n\n\n\n<p>Vous pouvez modifier \u00ab\u00a0OfficeClientEdition\u00a0\u00bb , 32 correspond \u00e0&nbsp;<strong>Office 365 version 32 bits ,&nbsp;<\/strong>64 pour&nbsp;<strong>Office 365 version 64 bits<\/strong><\/p>\n\n\n\n<p>Le \u00ab\u00a0product ID\u00a0\u00bb correspond \u00e0 la version de Office voici les choix possibles :<\/p>\n\n\n\n<ul class=\"wp-block-list\"><li>O365ProPlusRetail (Licence E5)<\/li><li>O365BusinessRetail (Licence E3)<\/li><\/ul>\n\n\n\n<p>Pour Office 2019 :<\/p>\n\n\n\n<ul class=\"wp-block-list\"><li>ProPlus2019Volume<\/li><li>Standard2019Volume<\/li><li>ProjectPro2019Volume<\/li><li>ProjectStd2019Volume<\/li><li>VisioPro2019Volume<\/li><li>VisioStd2019Volume<\/li><\/ul>\n\n\n\n<p>Pour&nbsp;<strong>t\u00e9l\u00e9charger Office 365<\/strong>&nbsp; afin de le d\u00e9ployer par GPO vous devez cliquer sur le fichier \u00ab\u00a0telecharger.bat\u00a0\u00bb.<\/p>\n\n\n\n<p>Patientez la fen\u00eatre se ferme toute seule une fois le t\u00e9l\u00e9chargement termin\u00e9.<\/p>\n\n\n\n<p>Attention il est fortement recommand\u00e9 d&rsquo;avoir un&nbsp;<strong><a href=\"https:\/\/www.tutos-informatique.com\/windows-10-gratuit\/\" target=\"_blank\" rel=\"noreferrer noopener\">syst\u00e8me Windows 10<\/a><\/strong>&nbsp; pour utiliser la suite Microsoft Office 365 !<\/p>\n\n\n\n<h2 class=\"wp-block-heading\">Etape 2 &#8211; Cr\u00e9ation du XML d&rsquo;installation Office 365<\/h2>\n\n\n\n<p>Pour cette \u00e9tape nous allons cr\u00e9er le fichier XML pour installer Office 365, voici un extrait de mon fichier XML ( vous pouvez le copier coller )<\/p>\n\n\n\n<p>Le script XML suivant permet d&rsquo;installer office 365 en allant directement chercher les sources sur mon serveur de donn\u00e9es VSRVDATA.<\/p>\n\n\n\n<p>Il d\u00e9sinstalle les produits Office 2019 et 2016 pr\u00e9sents.<\/p>\n\n\n\n<p>&lt;<strong>Configuration<\/strong> ID=\u00a0\u00bb568cc2e9-9a1a-49e7-a4ae-4396ea40c972&Prime;&gt;<\/p>\n\n\n\n<p>&lt;<strong>Add<\/strong> OfficeClientEdition=\u00a0\u00bb32&Prime; Channel=\u00a0\u00bbSemiAnnual\u00a0\u00bb SourcePath=\u00a0\u00bb\\\\vsrvdata\\Sources\\O365&Prime; AllowCdnFallback=\u00a0\u00bbFALSE\u00a0\u00bb&gt;<\/p>\n\n\n\n<p>&lt;<strong>Product<\/strong> ID=\u00a0\u00bbO365BusinessRetail\u00a0\u00bb&gt;<\/p>\n\n\n\n<p>&lt;<strong>Language<\/strong> ID=\u00a0\u00bbfr-fr\u00a0\u00bb \/&gt;<\/p>\n\n\n\n<p>&lt;<strong>ExcludeApp<\/strong> ID=\u00a0\u00bbGroove\u00a0\u00bb \/&gt;<\/p>\n\n\n\n<p>&lt;\/<strong>Product<\/strong>&gt;<\/p>\n\n\n\n<p>&lt;\/<strong>Add<\/strong>&gt;<\/p>\n\n\n\n<p>&lt;<strong>Remove<\/strong>&gt;<\/p>\n\n\n\n<p>&lt;<strong>Product<\/strong> ID=\u00a0\u00bbProPlus2019Volume\u00a0\u00bb&gt;<\/p>\n\n\n\n<p>&lt;\/<strong>Product<\/strong>&gt;<\/p>\n\n\n\n<p>&lt;<strong>Product<\/strong> ID=\u00a0\u00bbStandard2019Volume\u00a0\u00bb&gt;<\/p>\n\n\n\n<p>&lt;\/<strong>Product<\/strong>&gt;<\/p>\n\n\n\n<p>&lt;<strong>Product<\/strong> ID=\u00a0\u00bbSkypeforBusinessEntry2019Retail\u00a0\u00bb&gt;<\/p>\n\n\n\n<p>&lt;\/<strong>Product<\/strong>&gt;<\/p>\n\n\n\n<p>&lt;<strong>Product<\/strong> ID=\u00a0\u00bbAccessRuntimeRetail\u00a0\u00bb&gt;<\/p>\n\n\n\n<p>&lt;\/<strong>Product<\/strong>&gt;<\/p>\n\n\n\n<p>&lt;\/<strong>Remove<\/strong>&gt;<\/p>\n\n\n\n<p>&lt;<strong>Property<\/strong> Name=\u00a0\u00bbSharedComputerLicensing\u00a0\u00bb Value=\u00a0\u00bb0&Prime; \/&gt;<\/p>\n\n\n\n<p>&lt;<strong>Property<\/strong> Name=\u00a0\u00bbSCLCacheOverride\u00a0\u00bb Value=\u00a0\u00bb0&Prime; \/&gt;<\/p>\n\n\n\n<p>&lt;<strong>Property<\/strong> Name=\u00a0\u00bbAUTOACTIVATE\u00a0\u00bb Value=\u00a0\u00bb0&Prime; \/&gt;<\/p>\n\n\n\n<p>&lt;<strong>Property<\/strong> Name=\u00a0\u00bbFORCEAPPSHUTDOWN\u00a0\u00bb Value=\u00a0\u00bbFALSE\u00a0\u00bb \/&gt;<\/p>\n\n\n\n<p>&lt;<strong>Property<\/strong> Name=\u00a0\u00bbDeviceBasedLicensing\u00a0\u00bb Value=\u00a0\u00bb0&Prime; \/&gt;<\/p>\n\n\n\n<p>&lt;<strong>Updates<\/strong> Enabled=\u00a0\u00bbTRUE\u00a0\u00bb \/&gt;<\/p>\n\n\n\n<p>&lt;<strong>RemoveMSI<\/strong> \/&gt;<\/p>\n\n\n\n<p>&lt;<strong>AppSettings<\/strong>&gt;<\/p>\n\n\n\n<p>&lt;<strong>User<\/strong> Key=\u00a0\u00bbsoftware\\microsoft\\office\\16.0\\excel\\options\u00a0\u00bb Name=\u00a0\u00bbdefaultformat\u00a0\u00bb Value=\u00a0\u00bb51&Prime; Type=\u00a0\u00bbREG_DWORD\u00a0\u00bb App=\u00a0\u00bbexcel16&Prime; Id=\u00a0\u00bbL_SaveExcelfilesas\u00a0\u00bb \/&gt;<\/p>\n\n\n\n<p>&lt;<strong>User<\/strong> Key=\u00a0\u00bbsoftware\\microsoft\\office\\16.0\\powerpoint\\options\u00a0\u00bb Name=\u00a0\u00bbdefaultformat\u00a0\u00bb Value=\u00a0\u00bb27&Prime; Type=\u00a0\u00bbREG_DWORD\u00a0\u00bb App=\u00a0\u00bbppt16&Prime; Id=\u00a0\u00bbL_SavePowerPointfilesas\u00a0\u00bb \/&gt;<\/p>\n\n\n\n<p>&lt;<strong>User<\/strong> Key=\u00a0\u00bbsoftware\\microsoft\\office\\16.0\\word\\options\u00a0\u00bb Name=\u00a0\u00bbdefaultformat\u00a0\u00bb Value=\u00a0\u00bb\u00a0\u00bb Type=\u00a0\u00bbREG_SZ\u00a0\u00bb App=\u00a0\u00bbword16&Prime; Id=\u00a0\u00bbL_SaveWordfilesas\u00a0\u00bb \/&gt;<\/p>\n\n\n\n<p>&lt;\/<strong>AppSettings<\/strong>&gt;<\/p>\n\n\n\n<p>&lt;<strong>Display<\/strong> Level=\u00a0\u00bbYES\u00a0\u00bb AcceptEULA=\u00a0\u00bbTRUE\u00a0\u00bb \/&gt;<\/p>\n\n\n\n<p>&lt;\/<strong>Configuration<\/strong>&gt;<\/p>\n\n\n\n<p>Ce fichier XML peut \u00eatre import\u00e9 sur l&rsquo;outil de configuration&nbsp;<strong><a href=\"https:\/\/config.office.com\/\">https:\/\/config.office.com<\/a><\/strong><\/p>\n\n\n\n<p>Le fichier XML doit \u00eatre adapt\u00e9 selon votre parc.<\/p>\n\n\n\n<p>Nous devons maintenant cr\u00e9er un fichier .bat qui ex\u00e9cutera l&rsquo;<strong>installation d&rsquo;office 365<\/strong>&nbsp;avec le fichier xml ci-dessus (nommez le installationO365.xml)<\/p>\n\n\n\n<p>Voici un extrait du fichier .bat \u00ab\u00a0<strong>installationO365.bat<\/strong>\u00ab\u00a0<\/p>\n\n\n\n<p>\\\\chemin-fichier\\setup.exe \/configure \\\\chemin-fichier\\installationO365.xml<\/p>\n\n\n\n<p>Il faut ajuster le chemin en fonction des noms de vos serveurs.<\/p>\n\n\n\n<p>Exemple : \\\\vsrvdata\\Sources\\O365\\setup.exe \/configure \\\\vsrvdata\\Sources\\O365\\installationO365.xml<\/p>\n\n\n\n<p>Les dossiers sont bien \u00e9videmment accessibles en partage sur le r\u00e9seau !<\/p>\n\n\n\n<h2 class=\"wp-block-heading\">Etape &#8211; 3 Cr\u00e9ation d&rsquo;un script Powershell pour v\u00e9rifier l&rsquo;existence d&rsquo;Office 365<\/h2>\n\n\n\n<p>Lorsque vous devez d\u00e9ployer par GPO un logiciel g\u00e9n\u00e9ralement on utilise un&nbsp;<strong>package MSI<\/strong>.<\/p>\n\n\n\n<p>Ce n&rsquo;est pas possible pour Office 365. On doit donc passer par un script qui se lancera au d\u00e9marrage de l&rsquo;ordinateur.<\/p>\n\n\n\n<p>Par d\u00e9faut votre installation s&rsquo;effectuera \u00e0 chaque d\u00e9marrage de poste ce qui n&rsquo;est pas tr\u00e8s sain pour votre bande passante.<\/p>\n\n\n\n<p>Voici donc un script Powershell qui&nbsp;<strong>v\u00e9rifie si Office 365 est d\u00e9j\u00e0 install\u00e9<\/strong>&nbsp;sur le poste.<ins><\/ins><\/p>\n\n\n\n<p><strong>if<\/strong> (-Not ([Security.Principal.WindowsPrincipal] [Security.Principal.WindowsIdentity]::GetCurrent()).IsInRole([Security.Principal.WindowsBuiltInRole] &lsquo;Administrator&rsquo;)) {<\/p>\n\n\n\n<p><strong>if<\/strong> ([int](Get-CimInstance -Class Win32_OperatingSystem | Select-Object -ExpandProperty BuildNumber) -ge 6000) {<\/p>\n\n\n\n<p><strong>$CommandLine<\/strong> = \u00ab\u00a0-File `\u00a0\u00bb\u00a0\u00bb + <strong>$MyInvocation<\/strong>.MyCommand.Path + \u00ab\u00a0`\u00a0\u00bb \u00a0\u00bb + <strong>$MyInvocation<\/strong>.UnboundArguments<\/p>\n\n\n\n<p>Start-Process -FilePath PowerShell.exe -Verb Runas -ArgumentList <strong>$CommandLine<\/strong><\/p>\n\n\n\n<p><strong>Exit<\/strong><\/p>\n\n\n\n<p>}<\/p>\n\n\n\n<p>}<\/p>\n\n\n\n<p>#V\u00e9rification de la cl\u00e9 de registre pour savoir si Office 365 est install\u00e9<\/p>\n\n\n\n<p><strong>$RegistryPath<\/strong> = &lsquo;HKLM:\\SOFTWARE\\Microsoft\\Office\\ClickToRun\\Configuration\\&rsquo;<\/p>\n\n\n\n<p>#On recup\u00e8re les infos de la cl\u00e9 de registre<\/p>\n\n\n\n<p>$Item = Get-ItemPropertyValue -Path $RegistryPath -Name ProductReleaseIds<\/p>\n\n\n\n<p>if (($item -eq &lsquo;O365BusinessRetail&rsquo;)) {<\/p>\n\n\n\n<p>#Office est install\u00e9 donc on l&rsquo;installe pas.<\/p>\n\n\n\n<p><strong>EXIT<\/strong><\/p>\n\n\n\n<p>}<\/p>\n\n\n\n<p><strong>else<\/strong> {<\/p>\n\n\n\n<p>#La cl\u00e9 de registre existe mais elle est vide donc on ex\u00e9cute l&rsquo;installation<\/p>\n\n\n\n<p>Start-Process \\\\dossier-partage-source-offce365\\installationO365.bat<\/p>\n\n\n\n<p>}<\/p>\n\n\n\n<p>Votre script est pr\u00eat il faut maintenant cr\u00e9er une GPO pour les ordinateurs de votre parc.<\/p>\n\n\n\n<p>Ce script v\u00e9rifie si une cl\u00e9 de registre est pr\u00e9sente sur l&rsquo;ordinateur. Si il trouve la valeur \u00ab\u00a0O365BusinessRetail\u00a0\u00bb alors il n&rsquo;installe pas Office.<\/p>\n\n\n\n<p>L&rsquo;installation est r\u00e9alis\u00e9e par l&rsquo;ex\u00e9cution du script installationo365.bat cr\u00e9\u00e9 pr\u00e9c\u00e9demment.<\/p>\n\n\n\n<h2 class=\"wp-block-heading\">Etape 4 &#8211; Mise en place d&rsquo;une GPO pour installer Microsoft office 365<\/h2>\n\n\n\n<p>Pour cr\u00e9er votre GPO je vous conseille de cr\u00e9er dans votre Active Directory un groupe. Dans ce groupe on ajoutera les ordinateurs sur lesquels OFFICE 365 sera install\u00e9e.<\/p>\n\n\n\n<p>L&rsquo;acc\u00e8s aux GPO se fait depuis un serveur \u00ab\u00a0contr\u00f4leur de domaine\u00a0\u00bb. Fa\u00eetes la touche Windows + R et saisir \u00ab\u00a0gpmc.msc\u00a0\u00bb<\/p>\n\n\n\n<figure class=\"wp-block-image\"><a href=\"https:\/\/www.tutos-informatique.com\/wp-content\/uploads\/2018\/11\/gpmc.msc_.jpg\"><img decoding=\"async\" src=\"https:\/\/www.tutos-informatique.com\/wp-content\/uploads\/2018\/11\/gpmc.msc_.jpg\" alt=\"gpmc.msc\" class=\"wp-image-3785\"\/><\/a><\/figure>\n\n\n\n<p>Choisissez une unit\u00e9 d&rsquo;organisation puis faire un clic-droit et \u00ab\u00a0Cr\u00e9er un objet GPO dans ce domaine, et le lier ici&#8230;\u00a0\u00bb<\/p>\n\n\n\n<p>Nous allons modifier la configuration ordinateur :<\/p>\n\n\n\n<figure class=\"wp-block-image\"><a href=\"https:\/\/www.tutos-informatique.com\/wp-content\/uploads\/2021\/06\/gpo-script-demarrage-ordinateur.jpg\"><img decoding=\"async\" src=\"https:\/\/www.tutos-informatique.com\/wp-content\/uploads\/2021\/06\/gpo-script-demarrage-ordinateur.jpg\" alt=\"gpo-script-demarrage-ordinateur\" class=\"wp-image-5470\"\/><\/a><\/figure>\n\n\n\n<p>Puis nous allons ajouter le script Powershell :<\/p>\n\n\n\n<figure class=\"wp-block-image\"><a href=\"https:\/\/www.tutos-informatique.com\/wp-content\/uploads\/2021\/06\/gpo-script-powershell.jpg\"><img decoding=\"async\" src=\"https:\/\/www.tutos-informatique.com\/wp-content\/uploads\/2021\/06\/gpo-script-powershell.jpg\" alt=\"\" class=\"wp-image-5471\"\/><\/a><\/figure>\n\n\n\n<p>Le script Powershell doit \u00eatre accessible depuis un dossier partag\u00e9.<\/p>\n\n\n\n<p>Votre GPO peut \u00eatre appliqu\u00e9e uniquement \u00e0 un groupe d\u2019ordinateur ! Pour cela il faut ajouter ce groupe dans les filtres \ud83d\ude09<\/p>\n","protected":false},"excerpt":{"rendered":"<p>Microsoft-365 Par Tutos-Info , le 20 juin 2021 , mis \u00e0 jour le 15 juillet 2021 &#8211; 6 minutes de lecture Accueil\u203aMicrosoft-365\u203aComment d\u00e9ployer Microsoft Office 365 par GPO en Entreprise 5\/5 &#8211; (4 votes) Vous voulez d\u00e9ployer&nbsp;Microsoft Office 365 gr\u00e2ce aux GPO&nbsp;? Les GPO permettent d&rsquo;installer automatiquement la suite Office&nbsp;sur les postes de votre parc [&hellip;]<\/p>\n","protected":false},"author":1,"featured_media":0,"parent":0,"menu_order":0,"comment_status":"closed","ping_status":"closed","template":"","meta":{"footnotes":""},"class_list":["post-784","page","type-page","status-publish","hentry"],"_links":{"self":[{"href":"https:\/\/reglisss.freeboxos.fr\/wordpress\/wp-json\/wp\/v2\/pages\/784","targetHints":{"allow":["GET"]}}],"collection":[{"href":"https:\/\/reglisss.freeboxos.fr\/wordpress\/wp-json\/wp\/v2\/pages"}],"about":[{"href":"https:\/\/reglisss.freeboxos.fr\/wordpress\/wp-json\/wp\/v2\/types\/page"}],"author":[{"embeddable":true,"href":"https:\/\/reglisss.freeboxos.fr\/wordpress\/wp-json\/wp\/v2\/users\/1"}],"replies":[{"embeddable":true,"href":"https:\/\/reglisss.freeboxos.fr\/wordpress\/wp-json\/wp\/v2\/comments?post=784"}],"version-history":[{"count":1,"href":"https:\/\/reglisss.freeboxos.fr\/wordpress\/wp-json\/wp\/v2\/pages\/784\/revisions"}],"predecessor-version":[{"id":785,"href":"https:\/\/reglisss.freeboxos.fr\/wordpress\/wp-json\/wp\/v2\/pages\/784\/revisions\/785"}],"wp:attachment":[{"href":"https:\/\/reglisss.freeboxos.fr\/wordpress\/wp-json\/wp\/v2\/media?parent=784"}],"curies":[{"name":"wp","href":"https:\/\/api.w.org\/{rel}","templated":true}]}}