{"id":837,"date":"2022-11-08T21:23:43","date_gmt":"2022-11-08T20:23:43","guid":{"rendered":"https:\/\/reglisss.freeboxos.fr\/wordpress\/?page_id=837"},"modified":"2022-11-08T21:23:43","modified_gmt":"2022-11-08T20:23:43","slug":"automatisons-linstallation-de-windows-10-unattended","status":"publish","type":"page","link":"https:\/\/reglisss.freeboxos.fr\/wordpress\/automatisons-linstallation-de-windows-10-unattended\/","title":{"rendered":"Automatisons l&rsquo;installation de Windows 10 (Unattended)"},"content":{"rendered":"\n<h1 class=\"wp-block-heading\"><\/h1>\n\n\n\n<p><small>Reste quelques clics<\/small><\/p>\n\n\n\n<p><a href=\"https:\/\/www.nextinpact.com\/article\/29373\/107276-automatisons-installation-windows-10-unattended#\">17<\/a><\/p>\n\n\n\n<p><a href=\"https:\/\/www.nextinpact.com\/c\/logiciel\">LOGICIEL<\/a><a href=\"https:\/\/www.nextinpact.com\/t\/tutoriels\">TUTORIELS<\/a>&nbsp;4 MIN<\/p>\n\n\n\n\n\n<p><a target=\"_blank\" href=\"https:\/\/www.facebook.com\/sharer\/sharer.php?u=https%3A%2F%2Fwww.nextinpact.com%2Farticle%2F29373%2F107276-automatisons-installation-windows-10-unattended&amp;t=Automatisons%20l%27installation%20de%20Windows%2010%20(Unattended)\" rel=\"noreferrer noopener\"><\/a><a target=\"_blank\" href=\"https:\/\/twitter.com\/intent\/tweet?text=Automatisons%20l%27installation%20de%20Windows%2010%20(Unattended)&amp;url=https%3A%2F%2Fwww.nextinpact.com%2Farticle%2F29373%2F107276-automatisons-installation-windows-10-unattended&amp;via=nextinpact\" rel=\"noreferrer noopener\"><\/a><a target=\"_blank\" href=\"http:\/\/www.linkedin.com\/shareArticle?mini=true&amp;url=https%3A%2F%2Fwww.nextinpact.com%2Farticle%2F29373%2F107276-automatisons-installation-windows-10-unattended&amp;title=Automatisons%20l%27installation%20de%20Windows%2010%20(Unattended)&amp;source=nextinpact.com\" rel=\"noreferrer noopener\"><\/a><a target=\"_blank\" href=\"http:\/\/www.reddit.com\/submit?url=https%3A%2F%2Fwww.nextinpact.com%2Farticle%2F29373%2F107276-automatisons-installation-windows-10-unattended\" rel=\"noreferrer noopener\"><\/a><a href=\"mailto:?subject=Automatisons%20l%27installation%20de%20Windows%2010%20(Unattended)&amp;body=Bonjour,%0D%0A%0D%0AJe%20te%20recommande%20d%27aller%20lire%20cet%20article%20:%20https%3A%2F%2Fwww.nextinpact.com%2Farticle%2F29373%2F107276-automatisons-installation-windows-10-unattended\"><\/a><\/p>\n\n\n\n<figure class=\"wp-block-image\"><img decoding=\"async\" src=\"https:\/\/cdnx.nextinpact.com\/data-next\/images\/auteurs\/david.jpg\" alt=\"David Legrand\"\/><\/figure>\n\n\n\n<p><strong>Par&nbsp;<a href=\"mailto:david@nextinpact.com\"><strong>David Legrand<\/strong><\/a><\/strong><strong>Le lundi 6 mai 2019 \u00e0 17:20<\/strong><\/p>\n\n\n\n<p>Apr\u00e8s avoir analys\u00e9 les m\u00e9thodes d&rsquo;installation sous Debian\/Ubuntu, passons \u00e0 Windows 10. Car l&rsquo;OS de Microsoft peut aussi r\u00e9pondre automatiquement aux questions pos\u00e9es sur la base d&rsquo;un simple fichier.<\/p>\n\n\n\n<p>Windows est l&rsquo;OS majoritaire sur les ordinateurs de bureau, et de loin. Surtout en entreprise o\u00f9 les d\u00e9ploiements se font de mani\u00e8re automatis\u00e9e, \u00e0 coup d&rsquo;outils sp\u00e9cialis\u00e9s. Microsoft propose d&rsquo;ailleurs ses propres solutions, que ce soit pour des licences classiques, OEM, entreprises ou par abonnement (Microsoft 365).<\/p>\n\n\n\n<p>Mais l&rsquo;automatisation (mode unattended) est \u00e9galement disponible pour la version classique de l&rsquo;OS et passe par un fichier \u00e0 lui fournir. La m\u00e9canique&nbsp;reste la m\u00eame : lister les r\u00e9ponses \u00e0 apporter aux questions qui peuvent \u00eatre pos\u00e9es&nbsp;afin de sauter des \u00e9tapes et gagner du temps. Le format XML a \u00e9t\u00e9 utilis\u00e9 en lieu et place de simples lignes de texte.<\/p>\n\n\n\n<p>Comment g\u00e9n\u00e9rer ce document et le fournir&nbsp;\u00e0 l&rsquo;installation ? Voici notre exemple, simple \u00e0 mettre en place.<\/p>\n\n\n\n<p><strong>Notre dossier sur l&rsquo;automatisation de l&rsquo;installation des OS :<\/strong><\/p>\n\n\n\n<ul class=\"wp-block-list\">\n<li><a href=\"https:\/\/www.nextinpact.com\/news\/107141-preseed-debian-automatisez-simplement-installation.htm\">Preseed Debian : automatisez simplement l&rsquo;installation<\/a><\/li>\n\n\n\n<li><a href=\"https:\/\/www.nextinpact.com\/news\/107281-cubic-personnalisez-et-automatisez-installation-dubuntu.htm\" target=\"_blank\" rel=\"noreferrer noopener\">Cubic : personnalisez et automatisez l&rsquo;installation d&rsquo;Ubuntu<\/a><\/li>\n\n\n\n<li>Automatisons l&rsquo;installation de Windows 10 (Unattended)<\/li>\n\n\n\n<li><a href=\"https:\/\/www.nextinpact.com\/news\/107512-installons-linux-et-windows-depuis-reseau-pxe-simplement-maniere-automatisee.htm\" target=\"_blank\" rel=\"noreferrer noopener\">Installons Linux et Windows depuis le r\u00e9seau (PXE) simplement, de mani\u00e8re automatis\u00e9e<\/a><\/li>\n<\/ul>\n\n\n\n<h2 class=\"wp-block-heading\">Outil Microsoft, sites et exemples pr\u00eats \u00e0 l&#8217;emploi<\/h2>\n\n\n\n<p>Pour commencer, il faut bien entendu t\u00e9l\u00e9charger une ISO de&nbsp;Windows 10. La m\u00e9thode officielle pour cr\u00e9er un fichier d&rsquo;automatisation est l&rsquo;Assistant Gestion d&rsquo;installation ou Windows System Image Manager. Il est fourni dans l&rsquo;Assessment and Deployment Kit (ADK) disponible sur le site de Microsoft.&nbsp;<\/p>\n\n\n\n<p>Il permet de cr\u00e9er un fichier de r\u00e9ponses avec des centaines de param\u00e8tres possibles pour les diff\u00e9rentes \u00e9tapes de l&rsquo;installation, de la phase sous WinPE au premier red\u00e9marrage jusqu&rsquo;\u00e0 OOBE (Out-Of-The-box Experience) o\u00f9 sont configur\u00e9s le r\u00e9seau, le compte utilisateur, les param\u00e8tres de confidentialit\u00e9, etc.&nbsp;<\/p>\n\n\n\n<p>Une documentation compl\u00e8te est disponible&nbsp;<a href=\"https:\/\/docs.microsoft.com\/fr-fr\/windows-hardware\/customize\/desktop\/unattend\/components-b-unattend\" target=\"_blank\" rel=\"noreferrer noopener\">par ici<\/a>.<\/p>\n\n\n\n<ul class=\"wp-block-list\">\n<li><a href=\"https:\/\/go.microsoft.com\/fwlink\/?linkid=2086042\" target=\"_blank\" rel=\"noreferrer noopener\">T\u00e9l\u00e9charger ADK<\/a><\/li>\n\n\n\n<li><a href=\"https:\/\/www.nextinpact.com\/news\/107616-rufus-3-5-uup-dump-comment-telecharger-iso-nimporte-quelle-branche-windows-10.htm\" target=\"_blank\" rel=\"noreferrer noopener\">Rufus, UUP Dump : comment t\u00e9l\u00e9charger l&rsquo;ISO de n&rsquo;importe quelle branche de Windows 10<\/a><\/li>\n<\/ul>\n\n\n\n<p>Pour simplifier la vie de l&rsquo;utilisateur, certains ont mis en ligne des sites permettant de g\u00e9n\u00e9rer un fichier pr\u00eat \u00e0 l&#8217;emploi en ne reprenant que les param\u00e8tres principaux comme&nbsp;<a href=\"http:\/\/windowsafg.com\/win10x86_x64_uefi.html\" target=\"_blank\" rel=\"noreferrer noopener\">Windows Answer File Generator<\/a>. D&rsquo;autres partagent un fichier qu&rsquo;il suffit de copier\/coller, c&rsquo;est ce que nous avons d\u00e9cid\u00e9 de faire avec quelques explications.&nbsp;<\/p>\n\n\n\n<figure class=\"wp-block-image\"><a href=\"https:\/\/cdn2.nextinpact.com\/images\/bd\/news\/173793.png\"><img decoding=\"async\" src=\"https:\/\/cdn2.nextinpact.com\/images\/bd\/news\/medium-173793.png\" alt=\"Assistant Gestion d'installation Windows 10\"\/><\/a><\/figure>\n\n\n\n<h2 class=\"wp-block-heading\">Notre fichier de r\u00e9ponses type<\/h2>\n\n\n\n<p>Cr\u00e9er un fichier g\u00e9n\u00e9rique pour l&rsquo;automatisation d&rsquo;une installation est complexe, car certaines \u00e9tapes d\u00e9pendent de param\u00e8tres propres \u00e0 l&rsquo;utilisateur et sa machine : la licence, la configuration du stockage, du compte, etc. Ici, nous avons laiss\u00e9 deux \u00e9tapes manuelles faute de trouver une solution parfaite : le choix de la licence et celui du HDD\/SDD.&nbsp;<\/p>\n\n\n\n<p>Nous avons configur\u00e9 l&rsquo;installation pour utiliser la langue fran\u00e7aise, r\u00e9gler l&rsquo;heure sur le fuseau de Paris, accepter les contrats de licence, passer les param\u00e8tres de gestion du Wi-Fi et configurer un compte utilisateur avec&nbsp;<code>davlgd<\/code>&nbsp;et&nbsp;<code>motdepasse<\/code>&nbsp;comme identifiants. Tout peut \u00eatre \u00e9dit\u00e9 avec l&rsquo;Assistant Gestion d&rsquo;installation.&nbsp;<\/p>\n\n\n\n<p>Concernant les r\u00e9glages li\u00e9s \u00e0 la vie priv\u00e9e, nous avons opt\u00e9 pour la valeur 2 du param\u00e8tre&nbsp;<a href=\"https:\/\/docs.microsoft.com\/fr-fr\/windows-hardware\/customize\/desktop\/unattend\/microsoft-windows-shell-setup-oobe-protectyourpc\" target=\"_blank\" rel=\"noreferrer noopener\">ProtectYourPC<\/a>, peu document\u00e9 par Microsoft. Elle correspond \u00e0 un choix interm\u00e9diaire qui pourra ne pas convenir \u00e0 vos besoins. N&rsquo;h\u00e9sitez donc pas \u00e0 aller plus loin (3, mais d\u00e9sactive aussi certaines s\u00e9curit\u00e9s) ou \u00e0 g\u00e9rer la chose manuellement.<\/p>\n\n\n\n<p>Pour rappel, selon la version de Windows que vous souhaitez utiliser, des cl\u00e9s g\u00e9n\u00e9riques peuvent \u00eatre fournies lors de l&rsquo;installation. Elles n&rsquo;activent pas le syst\u00e8me mais permettent de sauter cette \u00e9tape :<\/p>\n\n\n\n<ul class=\"wp-block-list\">\n<li><strong>Windows 10&nbsp;Famille :<\/strong><\/li>\n<\/ul>\n\n\n\n<pre class=\"wp-block-preformatted\">TX9XD-98N7V-6WMQ6-BX7FG-H8Q99<\/pre>\n\n\n\n<ul class=\"wp-block-list\">\n<li><strong>Windows 10&nbsp;Pro :&nbsp;<\/strong><\/li>\n<\/ul>\n\n\n\n<pre class=\"wp-block-preformatted\">VK7JG-NPHTM-C97JM-9MPGT-3V66T<\/pre>\n\n\n\n<ul class=\"wp-block-list\">\n<li><strong>Windows 10&nbsp;Entreprise :&nbsp;<\/strong><\/li>\n<\/ul>\n\n\n\n<pre class=\"wp-block-preformatted\">NPPR9-FWDCX-D2C8J-H872K-2YT43<\/pre>\n\n\n\n<ul class=\"wp-block-list\">\n<li><strong>Windows 10&nbsp;Famille (mono-langue) :&nbsp;<\/strong><\/li>\n<\/ul>\n\n\n\n<pre class=\"wp-block-preformatted\">7HNRX-D7KGG-3K4RQ-4WPJ4-YTDFH<\/pre>\n\n\n\n<p>Selon la version que vous voulez installer, la cl\u00e9 sera donc \u00e0 adapter dans le fichier fourni ci-dessous. Pour y acc\u00e9der, cliquez sur Fichier &gt; Ouvrir un fichier de r\u00e9ponses dans l&rsquo;assistant. Pour voir la liste des r\u00e9ponses possibles il faut ouvrir l&rsquo;image. Pour cela, commencez par monter l&rsquo;ISO (via un double-clic) afin d&rsquo;acc\u00e9der \u00e0 son contenu.<\/p>\n\n\n\n<p>Vous devrez ensuite trouver le fichier&nbsp;<code>install.wim<\/code>&nbsp;situ\u00e9 dans le r\u00e9pertoire&nbsp;<code>sources<\/code>&nbsp;apr\u00e8s avoir cliqu\u00e9 sur Fichier &gt; S\u00e9lectionner l&rsquo;image Windows dans l&rsquo;assistant. Tout appara\u00eetra dans l&rsquo;espace en bas \u00e0 gauche : Image Windows. Tous les composants seront list\u00e9s ainsi que les param\u00e8tres pouvant \u00eatre ajout\u00e9s au fichier de r\u00e9ponses.<\/p>\n\n\n\n<p>Un outil de validation est \u00e9galement pr\u00e9sent afin de vous permettre de d\u00e9tecter d&rsquo;\u00e9ventuelles erreurs. N&rsquo;h\u00e9sitez pas \u00e0 proposer vos propres fichiers en commentaires si vous voulez partager vos astuces d&rsquo;automatisation.&nbsp;<\/p>\n\n\n\n<h2 class=\"wp-block-heading\">Comment utiliser le fichier de r\u00e9ponses<\/h2>\n\n\n\n<p>La m\u00e9thode la plus simple est d&rsquo;enregistrer le fichier XML g\u00e9n\u00e9r\u00e9 \u00e0 la racine d&rsquo;une cl\u00e9 USB o\u00f9 vous aurez transf\u00e9r\u00e9 l&rsquo;ISO. Il devra alors \u00eatre nomm\u00e9&nbsp;<code>Autounattend.xml<\/code>. Vous pouvez \u00e9galement le lancer manuellement.<\/p>\n\n\n\n<ul class=\"wp-block-list\">\n<li><a href=\"https:\/\/www.nextinpact.com\/news\/107124-comment-creer-cle-usb-pour-linux-macos-windows-10-ou-suite-doutils-secours.htm\" target=\"_blank\" rel=\"noreferrer noopener\">Comment cr\u00e9er une cl\u00e9 USB contenant Linux, macOS, Windows 10 ou une suite d&rsquo;outils de secours<\/a><\/li>\n\n\n\n<li><a href=\"https:\/\/www.nextinpact.com\/news\/107512-installons-linux-et-windows-depuis-reseau-pxe-simplement-maniere-automatisee.htm\" target=\"_blank\" rel=\"noreferrer noopener\">Installons Linux et Windows depuis le r\u00e9seau (PXE) simplement, de mani\u00e8re automatis\u00e9e<\/a><\/li>\n<\/ul>\n\n\n\n<p>Pour cela, il faut&nbsp;<a href=\"https:\/\/docs.microsoft.com\/fr-fr\/windows-hardware\/manufacture\/desktop\/windows-setup-command-line-options#28\" target=\"_blank\" rel=\"noreferrer noopener\">initier la proc\u00e9dure d&rsquo;installation<\/a>&nbsp;avec un param\u00e8tre particulier afin de lui indiquer o\u00f9 se trouve le fichier de r\u00e9ponses que vous souhaitez utiliser. Vous pouvez ainsi disposer de plusieurs fichiers \u00e0 utiliser selon les cas, avec un script permettant de le lancer manuellement. La commande est la suivante :<\/p>\n\n\n\n<pre class=\"wp-block-preformatted\">setup \/unattend:fichier_de_reponses.xml<\/pre>\n\n\n\n<p>Une proc\u00e9dure qui peut s&rsquo;av\u00e9rer tr\u00e8s utile dans le cadre de d\u00e9ploiement par le r\u00e9seau via PXE et WinPE (voir ci-dessus).<\/p>\n\n\n\n<p><a target=\"_blank\" href=\"https:\/\/www.facebook.com\/sharer\/sharer.php?u=https%3A%2F%2Fwww.nextinpact.com%2Farticle%2F29373%2F107276-automatisons-installation-windows-10-unattended&amp;t=Automatisons%20l%27installation%20de%20Windows%2010%20(Unattended)\" rel=\"noreferrer noopener\"><\/a><\/p>\n","protected":false},"excerpt":{"rendered":"<p>Reste quelques clics 17 LOGICIELTUTORIELS&nbsp;4 MIN Par&nbsp;David LegrandLe lundi 6 mai 2019 \u00e0 17:20 Apr\u00e8s avoir analys\u00e9 les m\u00e9thodes d&rsquo;installation sous Debian\/Ubuntu, passons \u00e0 Windows 10. Car l&rsquo;OS de Microsoft peut aussi r\u00e9pondre automatiquement aux questions pos\u00e9es sur la base d&rsquo;un simple fichier. Windows est l&rsquo;OS majoritaire sur les ordinateurs de bureau, et de loin. [&hellip;]<\/p>\n","protected":false},"author":1,"featured_media":0,"parent":0,"menu_order":0,"comment_status":"closed","ping_status":"closed","template":"","meta":{"footnotes":""},"class_list":["post-837","page","type-page","status-publish","hentry"],"_links":{"self":[{"href":"https:\/\/reglisss.freeboxos.fr\/wordpress\/wp-json\/wp\/v2\/pages\/837","targetHints":{"allow":["GET"]}}],"collection":[{"href":"https:\/\/reglisss.freeboxos.fr\/wordpress\/wp-json\/wp\/v2\/pages"}],"about":[{"href":"https:\/\/reglisss.freeboxos.fr\/wordpress\/wp-json\/wp\/v2\/types\/page"}],"author":[{"embeddable":true,"href":"https:\/\/reglisss.freeboxos.fr\/wordpress\/wp-json\/wp\/v2\/users\/1"}],"replies":[{"embeddable":true,"href":"https:\/\/reglisss.freeboxos.fr\/wordpress\/wp-json\/wp\/v2\/comments?post=837"}],"version-history":[{"count":1,"href":"https:\/\/reglisss.freeboxos.fr\/wordpress\/wp-json\/wp\/v2\/pages\/837\/revisions"}],"predecessor-version":[{"id":838,"href":"https:\/\/reglisss.freeboxos.fr\/wordpress\/wp-json\/wp\/v2\/pages\/837\/revisions\/838"}],"wp:attachment":[{"href":"https:\/\/reglisss.freeboxos.fr\/wordpress\/wp-json\/wp\/v2\/media?parent=837"}],"curies":[{"name":"wp","href":"https:\/\/api.w.org\/{rel}","templated":true}]}}